{"id":6441,"date":"2023-03-15T15:47:22","date_gmt":"2023-03-15T14:47:22","guid":{"rendered":"https:\/\/pawz.rs\/?post_type=product&#038;p=6441"},"modified":"2025-12-08T08:54:06","modified_gmt":"2025-12-08T07:54:06","slug":"platinum-meatcrisp-sterilised-chicken","status":"publish","type":"product","link":"https:\/\/pawz.rs\/en\/platinum-meatcrisp-sterilised-chicken\/","title":{"rendered":"Platinum MeatCrisp Sterilized Chicken"},"content":{"rendered":"<p><strong>Platinum MeatCrisp Sterilized Chicken<\/strong><\/p>\n<p>Kompletna hrana namenjena ishrani odraslih sterilisanih ma\u010daka<\/p>\n<p>Ovo je prva kompletna hrana napravljena Freshmeatdryer-om ( sertifikovana tehnika su\u0161enja sve\u017eeg mesa cirkulacijom vazduha na niskim temperaturama ). Sadr\u017ei prirodne nutriente i amino kiseline \u0161to je \u010dini najbli\u017eom prirodnoj hrani kojom se ma\u010dke hrane. Ukoliko hranite Va\u0161u ma\u010dku MeatCrisp-om bi\u0107e zadovoljnija, opu\u0161tenija a samim tim i sre\u0107nija. Hrskava tekstura i ukus pravog mesa u\u010dini\u0107e da Va\u0161a ma\u010dka ne\u0107e \u017eeleti da jede nijednu drugu hranu za ma\u010dke. MeatCrisp ne sadr\u017ei atraktante ( poja\u010diva\u010de ukusa ).<\/p>\n<p><strong>Prednosti MeatCrisp-a:<\/strong><\/p>\n<ul>\n<li>\u00a083% sve\u017eeg mesa ( bez mesnog bra\u0161na i prera\u0111evina od mesa )<\/li>\n<li>\u00a0Prirodni sastojci<\/li>\n<li>\u00a0Ne sadr\u017ei atraktante ( poja\u010diva\u010de ukusa )<\/li>\n<li>\u00a0Bez \u017eitarica koje sadr\u017ee gluten<\/li>\n<li>\u00a0Bogata nutrientima i laka za varenje<\/li>\n<li>\u00a0Optimalan sadr\u017eaj taurina<\/li>\n<\/ul>\n<p><strong>Preporuke za hranjenje:<br \/>\n<\/strong>Sve\u017ea voda mora uvek biti dostupna ma\u010dkama. Pre\u0111ite na ishranu ovom hranom tako \u0161to \u0107ete ma\u010dki davati, za po\u010detak, najmanju koli\u010dinu hrane iz tabele i to nekoliko dana. Nakon nedelju dana ma\u010dka \u0107e se u potpunosti navi\u0107i na ovu hranu. Ukoliko ma\u010dka i dalje odbija ovu hranu, vratite se na hranu koju ho\u0107e da jede i po\u010dnite proces prelaska na na\u0161u hranu ali u du\u017eem vremenskom periodu. Ne dozvolite da ma\u010dka danima ne jede ni\u0161ta jer to mo\u017ee biti \u0161tetno po njeno zdravlje.<\/p>\n<p><strong>Sastav:\u00a0<\/strong>83% sve\u017ee pile\u0107e meso, Flor De Maiz ( najfinije kukuruzno bra\u0161no ), sve\u017ei losos, miks su\u0161enih razli\u010ditih vrsta krompira, su\u0161eni gra\u0161ak i pirina\u010d, su\u0161eni pivksi kvasac, su\u0161ena vlakna povr\u0107a, su\u0161ena jaja, so, lososovo ulje, su\u0161eni koren Cikorije ( FOS ).<\/p>\n<p><strong>Analytical composition:<\/strong>\u00a0Sirovi proteini 36%, sirova mast 11%, sirovi pepeo 6,9%, sirova vlakna 3%, kalcijum 1,1%, fosfor 1%<\/p>\n<p>Serve food in dry form with available fresh water.<br \/>\nFor your pet&#039;s health, consult a veterinarian regularly.<\/p>\n<p>Store the product in a dry, dark and cool place.<\/p>\n<p>Proizvo\u0111a\u010d: PLATINUM GmbH &amp; Co<br \/>\nCountry of origin: Germany<\/p>\n\n    <div class=\"xs_social_share_widget xs_share_url after_content \t\tmain_content  wslu-style-1 wslu-share-box-shaped wslu-fill-colored wslu-none wslu-share-horizontal wslu-theme-font-no wslu-main_content\">\n\n\t\t\n        <ul>\n\t\t\t        <\/ul>\n    <\/div>","protected":false},"excerpt":{"rendered":"<p>Platinum MeatCrisp za Sterilisane Ma\u010dke sa Piletinom je kompletna hrana namenjena ishrani odraslih sterilisanih ma\u010daka<\/p>","protected":false},"featured_media":6274,"comment_status":"open","ping_status":"closed","template":"","meta":{"_acf_changed":false},"pwb-brand":[321,322],"product_cat":[149,23,21],"product_tag":[208],"class_list":{"0":"post-6441","1":"product","2":"type-product","3":"status-publish","4":"has-post-thumbnail","6":"pwb-brand-platinum","7":"pwb-brand-platinum-za-macke","8":"product_cat-granule-za-macke","9":"product_cat-macke","10":"product_cat-hrana-za-macke","11":"product_tag-bez-zitarica","13":"first","14":"instock","15":"taxable","16":"shipping-taxable","17":"purchasable","18":"product-type-variable","19":"has-default-attributes"},"acf":[],"brands":[{"id":321,"name":"Platinum","slug":"platinum"},{"id":322,"name":"Platinum Cat Food","slug":"platinum-za-macke"}],"_links":{"self":[{"href":"https:\/\/pawz.rs\/en\/wp-json\/wp\/v2\/product\/6441","targetHints":{"allow":["GET"]}}],"collection":[{"href":"https:\/\/pawz.rs\/en\/wp-json\/wp\/v2\/product"}],"about":[{"href":"https:\/\/pawz.rs\/en\/wp-json\/wp\/v2\/types\/product"}],"replies":[{"embeddable":true,"href":"https:\/\/pawz.rs\/en\/wp-json\/wp\/v2\/comments?post=6441"}],"wp:featuredmedia":[{"embeddable":true,"href":"https:\/\/pawz.rs\/en\/wp-json\/wp\/v2\/media\/6274"}],"wp:attachment":[{"href":"https:\/\/pawz.rs\/en\/wp-json\/wp\/v2\/media?parent=6441"}],"wp:term":[{"taxonomy":"pwb-brand","embeddable":true,"href":"https:\/\/pawz.rs\/en\/wp-json\/wp\/v2\/pwb-brand?post=6441"},{"taxonomy":"product_cat","embeddable":true,"href":"https:\/\/pawz.rs\/en\/wp-json\/wp\/v2\/product_cat?post=6441"},{"taxonomy":"product_tag","embeddable":true,"href":"https:\/\/pawz.rs\/en\/wp-json\/wp\/v2\/product_tag?post=6441"}],"curies":[{"name":"wp","href":"https:\/\/api.w.org\/{rel}","templated":true}]}}