{"id":8244,"date":"2023-03-16T17:21:58","date_gmt":"2023-03-16T16:21:58","guid":{"rendered":"https:\/\/pawz.rs\/?post_type=product&#038;p=8244"},"modified":"2025-05-20T16:15:10","modified_gmt":"2025-05-20T14:15:10","slug":"schesir-dry-dog-medium-sunka","status":"publish","type":"product","link":"https:\/\/pawz.rs\/en\/schesir-dry-dog-medium-sunka\/","title":{"rendered":"Schesir Dry Dog Medium \u0160unka"},"content":{"rendered":"<p><strong>Schesir Dry Dog Medium \u0160unka<br \/>\n<\/strong><br \/>\nPredstavlja suvu hranu za odrasle pse srednjih rasa proizvedenu od prirodnih sastojaka uz dodatak vitamina i minerala, kao i ostalih nutritijenata neophodnih za zdrav \u017eivot.<\/p>\n<p>Osnova hrane je \u0161unka-pr\u0161uta, a neke od karakteristika i sastojaka su slede\u0107e:<br \/>\n<strong><br \/>\nONLY 1 PROTEIN<\/strong>\u00a0&#8211; sadr\u017ei samo jedan izvor visoko-svarljivih proteina (svinjetina) i izvor masti (purifikovana mast) koja je ekstremno \u010dista i zdrava.<br \/>\n<strong><br \/>\nHYPOALLERGENIC<\/strong>\u00a0&#8211; hipoalergijska svojstva hrane proizilaze iz \u010dinjenice da nema dodatih konzervanasa i boja, kao i da je hrana proizvedena od samo jednog izvora proteina. Pogodna je za ishranu pasa koji imaju intoleranciju na hranu.<br \/>\n<strong><br \/>\nPREBIOTIC ACTION<\/strong>\u00a0&#8211; kvasac zajedno sa FOS (fruktooligo-saharidi) imaju i prebiotsku funkciju tj. obezbe\u0111uju maksimalnu asimilaciju nutritijenata iz hrane u digestivnom traktu odraslih pasa.<br \/>\n<strong><br \/>\nSKIN CARE &amp; ANTI-OXIDANT<\/strong>\u00a0&#8211; kvasac zajedno sa Omega 3 i Omega 6 iz prirodnih izvora, garantuju zdravlje ko\u017ee i sjajnu dlaku, a zajedno sa anti-oksidantima (vit. C i vit. E), poma\u017eu organizmu u borbi protiv slobodnih radikala i stimuli\u0161u aktivnost i podma\u0111ivanje organizma psa.<\/p>\n<p><strong>PROIZVODI NISU TESTIRANI NA \u017dIVOTINJAMA<\/strong><\/p>\n<p><strong>SASTAV:<br \/>\n<\/strong>29% dehidrirana svinjetina ( \u0161unka ), kukuruz, pirina\u010d 19%, pro\u010di\u0161\u0107ena \u017eivotinjska mast, je\u010dam, kukuruzni gluten, pulpa cvekle,0,5% pulpa cikorije, 0,5% fruktooligosaharidi ( FOS ), 0,5% su\u0161eni pivski kvasac, su\u0161ena jaja i proizvodi od su\u0161enih jaja, kalcijum\u00a0 fosfat, kalijum fosfat,\u00a0 natrijum hlorid, 0,1% juka, 0,03% dehidrirane aromati\u010dne biljke ( gro\u017e\u0111e, citrusi, deteline, kurkuma, ruzmarin )<\/p>\n<p><strong>NUTRITIVNI DODACI PO KG PROIZVODA:<br \/>\n<\/strong>Vit. A 22,500 I.U., Vit. D3 1,500 I.U., Vit. E 530 mg, Vit. B6 1.3 mg, Vit. B12 0.03 mg, Folna kiselina 0.24 mg, Biotin 0.28 mg, Gvo\u017e\u0111e sulfat monohidrat 350 mg (Fe 105 mg), Gvo\u017e\u0111e helat od amino kiselina hidrata 200 mg (Fe 32 mg), Bakar sulfat pentahidrat 48 mg (Cu 12 mg), Mangan sulfat monohidrat 21 mg (Mn 6.5 mg), Mangan helat od amino kiselina hidrata 200 mg (Mn 32 mg), Cink sulfat monohidrat 370 mg (Zn 130 mg), Cink helat od amino kiselina hidrata 100 mg (Zn 18 mg), Jodid kalcijum anhidos 6.4 mg (I 4 mg), Natrijum selenit 0.75 mg (Se 0.34 mg)<\/p>\n<p>Serve food in dry form with available fresh water.<br \/>\nFor your pet&#039;s health, consult a veterinarian regularly.<\/p>\n<p>Store the product in a dry, dark and cool place.<\/p>\n<p>Proizvo\u0111a\u010d: Agras Delic S.p.A<br \/>\nZemlja porekla: Italija<\/p>\n\n    <div class=\"xs_social_share_widget xs_share_url after_content \t\tmain_content  wslu-style-1 wslu-share-box-shaped wslu-fill-colored wslu-none wslu-share-horizontal wslu-theme-font-no wslu-main_content\">\n\n\t\t\n        <ul>\n\t\t\t        <\/ul>\n    <\/div>","protected":false},"excerpt":{"rendered":"<p>Schesir Dry Dog Medium Ham predstavlja suvu hranu za odrasle pse srednjih rasa proizvedenu od prirodnih sastojaka<\/p>","protected":false},"featured_media":6458,"comment_status":"open","ping_status":"closed","template":"","meta":{"_acf_changed":false},"pwb-brand":[330,332],"product_cat":[47,48,49],"product_tag":[],"class_list":{"0":"post-8244","1":"product","2":"type-product","3":"status-publish","4":"has-post-thumbnail","6":"pwb-brand-schesir","7":"pwb-brand-schesir-hrana-za-pse","8":"product_cat-psi","9":"product_cat-hrana-za-pse","10":"product_cat-granule-za-pse","12":"first","13":"instock","14":"taxable","15":"shipping-taxable","16":"purchasable","17":"product-type-variable","18":"has-default-attributes"},"acf":[],"brands":[{"id":330,"name":"Schesir","slug":"schesir"},{"id":332,"name":"Schesir Dog Food","slug":"schesir-hrana-za-pse"}],"_links":{"self":[{"href":"https:\/\/pawz.rs\/en\/wp-json\/wp\/v2\/product\/8244","targetHints":{"allow":["GET"]}}],"collection":[{"href":"https:\/\/pawz.rs\/en\/wp-json\/wp\/v2\/product"}],"about":[{"href":"https:\/\/pawz.rs\/en\/wp-json\/wp\/v2\/types\/product"}],"replies":[{"embeddable":true,"href":"https:\/\/pawz.rs\/en\/wp-json\/wp\/v2\/comments?post=8244"}],"wp:featuredmedia":[{"embeddable":true,"href":"https:\/\/pawz.rs\/en\/wp-json\/wp\/v2\/media\/6458"}],"wp:attachment":[{"href":"https:\/\/pawz.rs\/en\/wp-json\/wp\/v2\/media?parent=8244"}],"wp:term":[{"taxonomy":"pwb-brand","embeddable":true,"href":"https:\/\/pawz.rs\/en\/wp-json\/wp\/v2\/pwb-brand?post=8244"},{"taxonomy":"product_cat","embeddable":true,"href":"https:\/\/pawz.rs\/en\/wp-json\/wp\/v2\/product_cat?post=8244"},{"taxonomy":"product_tag","embeddable":true,"href":"https:\/\/pawz.rs\/en\/wp-json\/wp\/v2\/product_tag?post=8244"}],"curies":[{"name":"wp","href":"https:\/\/api.w.org\/{rel}","templated":true}]}}