{"id":8260,"date":"2023-03-16T18:14:03","date_gmt":"2023-03-16T17:14:03","guid":{"rendered":"https:\/\/pawz.rs\/?post_type=product&#038;p=8260"},"modified":"2026-02-01T12:37:32","modified_gmt":"2026-02-01T11:37:32","slug":"versele-laga-opti-life-puppy-medium","status":"publish","type":"product","link":"https:\/\/pawz.rs\/en\/versele-laga-opti-life-puppy-medium\/","title":{"rendered":"Versele-Laga Opti Life Puppy Medium"},"content":{"rendered":"<p><strong>Versele-Laga Opti Life Puppy Medium<\/strong><\/p>\n<p><strong>Opti Life Puppy Medium<\/strong>\u00a0je perfektno izbalansirana formula hrane bazirana na piletini i pirin\u010du, specijalno razvijene da zadovolji sve nutritivne potrebe \u0161tenaca srednjih rasa pasa koji u odraslom dobu imaju od 10kg do 20kg.\u00a0<strong>Opti Life Puppy Medium<\/strong>\u00a0pru\u017ea Va\u0161em \u0161tenetu sve neophodne hranljive materije za izbalansiran i zdrav rast i razvoj.<\/p>\n<ul>\n<li>Jedinstvena formula bez glutena ( ne sadr\u017ei p\u0161enicu i kukuruz \u0161to smanjuje rizik od pojave alergije na gluten ), sa 85% proteina \u017eivotinjskog porekla koja obezbe\u0111uje laku probavu i optimalnu gustinu stolice<\/li>\n<li>Neophodno je obezbediti da zglobovi Va\u0161eg steneta budu gipki i zdravi. Piletina kao osnovni sastojak je bogata hrondotoinom a u hranu smo dodali i glukozamin. Oba ova nutrienata obezbe\u0111uju zdravlje zglobova tokom perioda razvoja \u0161teneta<\/li>\n<li>Nutritivni sastav <strong>Opti Life Puppy Medium<\/strong>\u00a0 uz dodatak krila ( prirodni izvor Omega 3 masnih kiselina kao i EPA i DHA ) i vitamina doprinose zdravom i optimalnom rastu i razvoju Va\u0161eg \u0161teneta. EPA (eicosapentaenoi\u010dna kiselina ) i DHA (docosahexaenoi\u010dna kiselina) su vitalne za razvoj mozga. Na to sve dolazi i optimalni odnos proteina i masti 29% : 18%<\/li>\n<\/ul>\n<p><strong>Saveti:<\/strong><\/p>\n<ul>\n<li>\u00a0Jako je bitno da tokom razvoja \u0161tenaca pratite i njihovu telesnu te\u017einu te preporu\u010dujemo \u010desto merenje te\u017eine<\/li>\n<li>\u00a0Postarajte se da u svakom trenutku \u0161tencima bude dostupna sve\u017ea pija\u0107a voda<\/li>\n<\/ul>\n<p><strong>Sastav:<\/strong>\u00a035% dehidrirana piletina, 25% pirina\u010d, pirin\u010dano bra\u0161no, \u017eivotinjska mast, seme lana, vlakna iz povr\u0107a, hidrolizovani \u017eivotinjski proteini, pivski kvasac, lososovo ulje, kril, FOS, su\u0161ena cela jaja, mahune roga\u010da, MOS, lecitin, morske alge (\u00a0\u00a0Ascophyllum nodosum ), ruzmarin, neven, zeleni \u010daj<\/p>\n<p><strong>Analytical composition:<\/strong>\u00a0proteini 29%, masti 18%, sirova vlakna 2%, sirovi pepeo 6,5%, kalcijum 1,2%, fosfor 0,8%, Omega-3 masne kiseline 1.1% ( EPA 0.1%, DHA 0.1%)<\/p>\n<p>Serve food in dry form with available fresh water.<br \/>\nFor your pet&#039;s health, consult a veterinarian regularly.<\/p>\n<p>Store the product in a dry, dark and cool place.<\/p>\n<p>Proizvo\u0111a\u010d: Versele-Laga<br \/>\nZemlja porekla: Belgija (EU)<\/p>\n\n    <div class=\"xs_social_share_widget xs_share_url after_content \t\tmain_content  wslu-style-1 wslu-share-box-shaped wslu-fill-colored wslu-none wslu-share-horizontal wslu-theme-font-no wslu-main_content\">\n\n\t\t\n        <ul>\n\t\t\t        <\/ul>\n    <\/div>","protected":false},"excerpt":{"rendered":"<p>Opti Life za \u0160tenca srednjih rasa je perfektno izbalansirana formula hrane bazirana na piletini i pirin\u010du<\/p>","protected":false},"featured_media":8980,"comment_status":"open","ping_status":"closed","template":"","meta":{"_acf_changed":false},"pwb-brand":[],"product_cat":[49,48,47],"product_tag":[209],"class_list":{"0":"post-8260","1":"product","2":"type-product","3":"status-publish","4":"has-post-thumbnail","6":"product_cat-granule-za-pse","7":"product_cat-hrana-za-pse","8":"product_cat-psi","9":"product_tag-bez-glutena","11":"first","12":"instock","13":"taxable","14":"shipping-taxable","15":"purchasable","16":"product-type-variable","17":"has-default-attributes"},"acf":[],"brands":[],"_links":{"self":[{"href":"https:\/\/pawz.rs\/en\/wp-json\/wp\/v2\/product\/8260","targetHints":{"allow":["GET"]}}],"collection":[{"href":"https:\/\/pawz.rs\/en\/wp-json\/wp\/v2\/product"}],"about":[{"href":"https:\/\/pawz.rs\/en\/wp-json\/wp\/v2\/types\/product"}],"replies":[{"embeddable":true,"href":"https:\/\/pawz.rs\/en\/wp-json\/wp\/v2\/comments?post=8260"}],"wp:featuredmedia":[{"embeddable":true,"href":"https:\/\/pawz.rs\/en\/wp-json\/wp\/v2\/media\/8980"}],"wp:attachment":[{"href":"https:\/\/pawz.rs\/en\/wp-json\/wp\/v2\/media?parent=8260"}],"wp:term":[{"taxonomy":"pwb-brand","embeddable":true,"href":"https:\/\/pawz.rs\/en\/wp-json\/wp\/v2\/pwb-brand?post=8260"},{"taxonomy":"product_cat","embeddable":true,"href":"https:\/\/pawz.rs\/en\/wp-json\/wp\/v2\/product_cat?post=8260"},{"taxonomy":"product_tag","embeddable":true,"href":"https:\/\/pawz.rs\/en\/wp-json\/wp\/v2\/product_tag?post=8260"}],"curies":[{"name":"wp","href":"https:\/\/api.w.org\/{rel}","templated":true}]}}