{"id":8263,"date":"2023-03-16T18:17:08","date_gmt":"2023-03-16T17:17:08","guid":{"rendered":"https:\/\/pawz.rs\/?post_type=product&#038;p=8263"},"modified":"2025-05-20T16:13:42","modified_gmt":"2025-05-20T14:13:42","slug":"schesir-dry-dog-medium-piletina","status":"publish","type":"product","link":"https:\/\/pawz.rs\/en\/schesir-dry-dog-medium-piletina\/","title":{"rendered":"Schesir Dry Dog Medium Piletina"},"content":{"rendered":"<p><strong>Schesir Dry Dog Medium Piletina<br \/>\n<\/strong><br \/>\nPredstavlja suvu hranu za odrasle pse srednjih rasa proizvedenu od prirodnih sastojaka uz dodatak vitamina i minerala, kao i ostalih nutritijenata neophodnih za zdrav \u017eivot.<\/p>\n<p>Osnova hrane je pile\u0107e meso, a neke od karakteristika i sastojaka su slede\u0107e:<br \/>\n<strong><br \/>\nJOINT PROTECTION<\/strong>\u00a0&#8211; glukozamin sulfat i hondroitin sulfat u hrani poma\u017eu dobroj funkciji zglobova odraslih pasa.<br \/>\n<strong><br \/>\nPREBIOTIC ACTION<\/strong>\u00a0&#8211; kvasac zajedno sa FOS (fruktooligo-saharidi) imaju i prebiotsku funkciju tj. obezbe\u0111uju maksimalnu asimilaciju nutritijenata iz hrane u digestivnom traktu odraslih pasa.<br \/>\n<strong><br \/>\nANTI-OXIDANT<\/strong>\u00a0&#8211; Omega 3 i Omega 6 esencijalne masne kiseline iz prirodnih izvora, garantuju zdravlje ko\u017ee, a zajedno sa anti-oksidantima (selen i vit. E), poma\u017eu organizmu u borbi protiv slobodnih radikala<\/p>\n<p><strong>PROIZVODI NISU TESTIRANI NA \u017dIVOTINJAMA<\/strong><\/p>\n<p><strong>SASTAV:<br \/>\n<\/strong>29% dehidrirana piletina, kukuruz, pirina\u010d 19%, pro\u010di\u0161\u0107ena \u017eivotinjska mast, je\u010dam, kukuruzni gluten, pulpa cvekle,0,5% pulpa cikorije, 0,5% fruktooligosaharidi ( FOS ), 0,5% su\u0161eni pivski kvasac, su\u0161ena jaja i proizvodi od su\u0161enih jaja, 1% ulje suncokreta, kalcijum\u00a0 fosfat, kalijum fosfat,\u00a0 natrijum hlorid, 0,1% juka, 0,03% dehidrirane aromati\u010dne biljke ( gro\u017e\u0111e, citrusi, deteline, kurkuma, ruzmarin ), 400mg\/kg glukozamin sulfat<\/p>\n<p><strong>NUTRITIVNI DODACI PO KG PROIZVODA:<br \/>\n<\/strong>Vit. A 22,500 I.U., Vit. D3 1,500 I.U., Vit. E 280 mg, Vit. B6 1.4 mg, Vit. B12 0.03 mg, Folna kiselina 0.24 mg, Biotin 0.28 mg, Gvo\u017e\u0111e sulfat monohidrat 365 mg (Fe 110 mg), Bakar sulfat pentahidrat 48 mg (Cu 12 mg), Mangan sulfat monohidrat 22.5 mg (Mn 7 mg), Cink sulfat monohidrat 425 mg (Zn 148 mg), Jodid kalcijum anhidros 6.4 mg (I 4 mg), Natrijum selenit 0.75 mg (Se 0.34 mg)<\/p>\n<p><strong>ANALITI\u010cKI SASTAV:<br \/>\n<\/strong>Sirovi proteini 25%, Sirova ulja i masti 16%, Sirova vlakna 3%, Sirovi pepeo 7%, Kalcijum 1,3%, Fosfor 1%, Magnezijum 0,3%, Kalijum 0,69%, Natrijum 0,48%, Vlaga 10%, Omega 6 1,6%, Omega 3 0,3%<\/p>\n<p>Serve food in dry form with available fresh water.<br \/>\nFor your pet&#039;s health, consult a veterinarian regularly.<\/p>\n<p>Store the product in a dry, dark and cool place.<\/p>\n<p>Proizvo\u0111a\u010d: Agras Delic S.p.A<br \/>\nZemlja porekla: Italija<\/p>\n\n    <div class=\"xs_social_share_widget xs_share_url after_content \t\tmain_content  wslu-style-1 wslu-share-box-shaped wslu-fill-colored wslu-none wslu-share-horizontal wslu-theme-font-no wslu-main_content\">\n\n\t\t\n        <ul>\n\t\t\t        <\/ul>\n    <\/div>","protected":false},"excerpt":{"rendered":"<p>Schesir Dry Dog Medium Piletina predstavlja suvu hranu za odrasle pse srednjih rasa proizvedenu od prirodnih sastojaka<\/p>","protected":false},"featured_media":6466,"comment_status":"open","ping_status":"closed","template":"","meta":{"_acf_changed":false},"pwb-brand":[330,332],"product_cat":[49,48,47],"product_tag":[],"class_list":{"0":"post-8263","1":"product","2":"type-product","3":"status-publish","4":"has-post-thumbnail","6":"pwb-brand-schesir","7":"pwb-brand-schesir-hrana-za-pse","8":"product_cat-granule-za-pse","9":"product_cat-hrana-za-pse","10":"product_cat-psi","12":"first","13":"instock","14":"taxable","15":"shipping-taxable","16":"purchasable","17":"product-type-variable","18":"has-default-attributes"},"acf":[],"brands":[{"id":330,"name":"Schesir","slug":"schesir"},{"id":332,"name":"Schesir Dog Food","slug":"schesir-hrana-za-pse"}],"_links":{"self":[{"href":"https:\/\/pawz.rs\/en\/wp-json\/wp\/v2\/product\/8263","targetHints":{"allow":["GET"]}}],"collection":[{"href":"https:\/\/pawz.rs\/en\/wp-json\/wp\/v2\/product"}],"about":[{"href":"https:\/\/pawz.rs\/en\/wp-json\/wp\/v2\/types\/product"}],"replies":[{"embeddable":true,"href":"https:\/\/pawz.rs\/en\/wp-json\/wp\/v2\/comments?post=8263"}],"wp:featuredmedia":[{"embeddable":true,"href":"https:\/\/pawz.rs\/en\/wp-json\/wp\/v2\/media\/6466"}],"wp:attachment":[{"href":"https:\/\/pawz.rs\/en\/wp-json\/wp\/v2\/media?parent=8263"}],"wp:term":[{"taxonomy":"pwb-brand","embeddable":true,"href":"https:\/\/pawz.rs\/en\/wp-json\/wp\/v2\/pwb-brand?post=8263"},{"taxonomy":"product_cat","embeddable":true,"href":"https:\/\/pawz.rs\/en\/wp-json\/wp\/v2\/product_cat?post=8263"},{"taxonomy":"product_tag","embeddable":true,"href":"https:\/\/pawz.rs\/en\/wp-json\/wp\/v2\/product_tag?post=8263"}],"curies":[{"name":"wp","href":"https:\/\/api.w.org\/{rel}","templated":true}]}}