{"id":8272,"date":"2023-03-16T18:22:54","date_gmt":"2023-03-16T17:22:54","guid":{"rendered":"https:\/\/pawz.rs\/?post_type=product&#038;p=8272"},"modified":"2026-02-01T12:37:42","modified_gmt":"2026-02-01T11:37:42","slug":"versele-laga-opti-life-puppy-sensitive","status":"publish","type":"product","link":"https:\/\/pawz.rs\/en\/versele-laga-opti-life-puppy-sensitive\/","title":{"rendered":"Versele-Laga Opti Life Puppy Sensitive"},"content":{"rendered":"<p><strong>Versele-Laga Opti Life Puppy Sensitive<\/strong><\/p>\n<p><strong>Opti Life Puppy Sensitive All Breeds\u00a0<\/strong>je perfektno izbalansirana formula hrane bazirana na lososu i pirin\u010du, specijalno razvijena da zadovolji sve nutritivne potrebe \u0161tenaca svih rasa rase pasa koji imaju problem sa alergijama ili osetljivim digestivnoim traktom.\u00a0<strong>Opti Life Puppy\u00a0<\/strong><strong>Sensitive All Breeds<\/strong><strong>\u00a0<\/strong>pru\u017ea Va\u0161em \u0161tenetu sve neophodne hranljive materije za izbalansiran i zdrav rast i razvoj.<\/p>\n<ul>\n<li>Jedinstvena formula bez glutena ( ne sadr\u017ei p\u0161enicu i kukuruz \u0161to smanjuje rizik od pojave alergije na gluten ), sa 81% proteina \u017eivotinjskog porekla koja obezbe\u0111uje laku probavu i optimalnu gustinu stolice<\/li>\n<li>Zahvaljulju\u0107i FOS-u i MOS-u koji \u010duvaju zdravlje intestinalnog trakta kao i optimalnom odnosu proteina i masti ( 26%:14% ) osetljivi intestinalni trakt bi\u0107e za\u0161ti\u0107en a \u0161tene \u0107e se pravilno razvijati.<\/li>\n<li>Nutritivni sastav <strong>Opti Life Puppy\u00a0<\/strong><strong>Sensitive All Breeds<\/strong>\u00a0je bogat Omega 3 i Omega 6 masnim kiselinama iz lososa uz dodatak lososovog ulja \u0161to \u010dini dlaku Va\u0161eg \u0161teneta zdravom i sjajnom<strong>.<\/strong>\u00a0Uz to ova hrana sadr\u017ei biotin, cink i bakar koji se lako apsorbuju u organizmu \u0161teneta doprinose\u0107i tome da njegova ko\u017ea bude zdrava a dodadtno uti\u010du i na zdravlje dlake.<\/li>\n<\/ul>\n<p><strong>Saveti:<\/strong><\/p>\n<ul>\n<li>\u00a0Jako je bitno da tokom razvoja \u0161tenaca pratite i njihovu telesnu te\u017einu te preporu\u010dujemo \u010desto merenje te\u017eine<\/li>\n<li>\u00a0Postarajte se da u svakom trenutku \u0161tencima bude dostupna sve\u017ea pija\u0107a voda<\/li>\n<\/ul>\n<p><strong>Sastav:<\/strong>\u00a030% dehidrirani lososos, 30% pirina\u010d, pirin\u010dano bra\u0161no, \u017eivotinjska mast, seme lana, vlakna iz povr\u0107a, pivski kvasac, lososovo ulje 1%, kril, minerali, FOS 0,3%, MOS 0,1%, lecitin, morske alge (\u00a0\u00a0Ascophyllum nodosum ), ruzmarin, neven, zeleni \u010daj<\/p>\n<p><strong>Analytical composition:<\/strong>\u00a0proteini 27%, masti 17%, sirova vlakna 2%, sirovi pepeo 6,5%, kalcijum 1,1%, fosfor 0,9%, Omega-3 masne kiseline 2% ( EPA 0.4%, DHA 0.5%)<\/p>\n<p>Serve food in dry form with available fresh water.<\/p>\n<p>For your pet&#039;s health, consult a veterinarian regularly.<\/p>\n<p>Store the product in a dry, dark and cool place.<\/p>\n<p>Proizvo\u0111a\u010d: Versele-Laga<br \/>\nZemlja porekla: Belgija (EU)<\/p>\n\n    <div class=\"xs_social_share_widget xs_share_url after_content \t\tmain_content  wslu-style-1 wslu-share-box-shaped wslu-fill-colored wslu-none wslu-share-horizontal wslu-theme-font-no wslu-main_content\">\n\n\t\t\n        <ul>\n\t\t\t        <\/ul>\n    <\/div>","protected":false},"excerpt":{"rendered":"<p>Opti Life za Senzitivna \u0160tenca svih rasa je perfektno izbalansirana formula hrane bazirana na lososu i pirin\u010du, specijalno razvijena da zadovolji sve nutritivne potrebe \u0161tenaca<\/p>","protected":false},"featured_media":9015,"comment_status":"open","ping_status":"closed","template":"","meta":{"_acf_changed":false},"pwb-brand":[],"product_cat":[47,48,49],"product_tag":[209],"class_list":{"0":"post-8272","1":"product","2":"type-product","3":"status-publish","4":"has-post-thumbnail","6":"product_cat-psi","7":"product_cat-hrana-za-pse","8":"product_cat-granule-za-pse","9":"product_tag-bez-glutena","11":"first","12":"instock","13":"taxable","14":"shipping-taxable","15":"purchasable","16":"product-type-variable","17":"has-default-attributes"},"acf":[],"brands":[],"_links":{"self":[{"href":"https:\/\/pawz.rs\/en\/wp-json\/wp\/v2\/product\/8272","targetHints":{"allow":["GET"]}}],"collection":[{"href":"https:\/\/pawz.rs\/en\/wp-json\/wp\/v2\/product"}],"about":[{"href":"https:\/\/pawz.rs\/en\/wp-json\/wp\/v2\/types\/product"}],"replies":[{"embeddable":true,"href":"https:\/\/pawz.rs\/en\/wp-json\/wp\/v2\/comments?post=8272"}],"wp:featuredmedia":[{"embeddable":true,"href":"https:\/\/pawz.rs\/en\/wp-json\/wp\/v2\/media\/9015"}],"wp:attachment":[{"href":"https:\/\/pawz.rs\/en\/wp-json\/wp\/v2\/media?parent=8272"}],"wp:term":[{"taxonomy":"pwb-brand","embeddable":true,"href":"https:\/\/pawz.rs\/en\/wp-json\/wp\/v2\/pwb-brand?post=8272"},{"taxonomy":"product_cat","embeddable":true,"href":"https:\/\/pawz.rs\/en\/wp-json\/wp\/v2\/product_cat?post=8272"},{"taxonomy":"product_tag","embeddable":true,"href":"https:\/\/pawz.rs\/en\/wp-json\/wp\/v2\/product_tag?post=8272"}],"curies":[{"name":"wp","href":"https:\/\/api.w.org\/{rel}","templated":true}]}}