{"id":8278,"date":"2023-03-16T18:27:16","date_gmt":"2023-03-16T17:27:16","guid":{"rendered":"https:\/\/pawz.rs\/?post_type=product&#038;p=8278"},"modified":"2025-05-20T16:29:58","modified_gmt":"2025-05-20T14:29:58","slug":"schesir-dry-kitten","status":"publish","type":"product","link":"https:\/\/pawz.rs\/en\/schesir-dry-kitten\/","title":{"rendered":"Schesir Dry Kitten"},"content":{"rendered":"<p><strong>Schesir Dry Kitten<br \/>\n<\/strong><br \/>\nKompletna monoproteinska suva hrana namenjena ishrani ma\u010di\u0107a.<\/p>\n<p><strong>SCHESIR KITTEN<\/strong>\u00a0je deo Schesir suve linije hrane za ma\u010di\u0107e koja je pripremljena sa potpuno prirodnim sastojcima ( bez aditiva ili dodatne obrade kako bi bila prilago\u0111ena za ishranu ljubimaca ) sa dodatkom vitamina I minerala koji zadovoljavaju sve nutritivne potrebe ma\u010di\u0107a.<\/p>\n<p>Glavni izvor proteina je piletina.<\/p>\n<p>Svaki proizvod iz ove linije ima nekoliko zajedni\u010dkih komponenti:<\/p>\n<ul>\n<li>Jedan izvor proteina koji je pogodan za sve ma\u010dke<\/li>\n<li>Bez konzervanasa I ve\u0161ta\u010dkih boja<\/li>\n<li>Sadr\u017ee probiotike koji omogu\u0107avaju adekvatnu apsorpciju nutritivnih elemenata I kontorolu mirisa<\/li>\n<li>Proteini u hrani su lako svarljivi<\/li>\n<li>Nisu testirani na \u017eivotinjama<\/li>\n<\/ul>\n<p><strong>EPA I DHA<\/strong> su najva\u017enije masne kiselineiz Omega 3 grupe koje poma\u017eu pravilan razvoj vida ( naro\u010dito retine oka ), mozga i reproduktivnih organa, pre i nakon ro\u0111enja ma\u010di\u0107a.<br \/>\nOva hrana se tako\u0111e preporu\u010duje za isharnu ma\u010daka koje doje ma\u010di\u0107e.<br \/>\n<strong><br \/>\nOMEGA 3 I OMEGA 6<\/strong>\u00a0potpoma\u017eu imuni sistem ko\u017ee uz pomo\u0107 pivskog kvasca ( koji je prepun vitamina iz grupe B ) a zajedno daju zdravu ko\u017eu, dlaku i kontrolu mirisa.<\/p>\n<p><strong>SASTAV:<br \/>\n<\/strong>26% dehidridana piletina, 19% pirina\u010d, 19% je\u010dam, pro\u010di\u0161\u0107ena \u017eivotinjska mast, proteini iz krompira, kukuruzni gluten, pulpa repe, 1% pivski kvasac, 1% laneno ulje, 1% bra\u0161no gra\u0161ka, 1% fruktooligosaharidi ( FOS ), 1%\u00a0 pulpa cikorije, 1% ulje suncokreta, sodium pirofosfat, kalijum hlorid, 0,1% Mohave juka, 0,03% su\u0161ene aromati\u010dne biljke (gro\u017e\u0111e, citrusi, karanfili\u0107, kurkuma, ruzmarin )<\/p>\n<p><strong>NUTRITIVNI ADITIVI PO KILOGRAMU:<br \/>\n<\/strong>Vitamin A 31000 I.U, Vitamin D3 1600 I.U, Vitamin B6 10mg, Vitamin B12 0,08mg, Foli\u010dna kiselina 1mg, Biotin 0,28mg, Vitamin E 370mg, Vitamin C 200mg, Taurin 2,500mg, Gvo\u017e\u0111e sulfat monohidrat 715mg ( Fe 215mg ), Bakar sulfat pentahidrat 44mg ( Cu 11mg ), Mangan sulfat monohidrat 129mg ( Mn 40mg ), Cink sulfat monohidrat 415mg ( Zn 145mg ), Jod kalcijum anhidros 2,5mg ( I 1,57mg ), Natrijum selenit 0,93mg ( Se 0,42mg )<\/p>\n<p><strong>ANALITI\u010cKI SASTAV:<br \/>\n<\/strong>Sirovi proteini 34 %, Sirova ulja i masti 19%, Sirova vlakna 2,8%, Sirovi pepeo 5,9%, Kalcijum 0,95%, Fosfor 0,85%, Magnezijum 0,07%, Natrijum 0,39%, Kalijum 0,6%, Vlaga 10%, Omega 6 2%, Omega 3 0,45%, DHA 0,11%, EPA 0,11%, 3870 kcal\/kg<\/p>\n<p>Serve food in dry form with available fresh water.<br \/>\nFor your pet&#039;s health, consult a veterinarian regularly.<\/p>\n<p>Store the product in a dry, dark and cool place.<\/p>\n<p>Proizvo\u0111a\u010d: Agras Delic S.p.A<br \/>\nZemlja porekla: Italija<\/p>\n\n    <div class=\"xs_social_share_widget xs_share_url after_content \t\tmain_content  wslu-style-1 wslu-share-box-shaped wslu-fill-colored wslu-none wslu-share-horizontal wslu-theme-font-no wslu-main_content\">\n\n\t\t\n        <ul>\n\t\t\t        <\/ul>\n    <\/div>","protected":false},"excerpt":{"rendered":"<p>Schesir Dry za Ma\u010di\u0107e je kompletna monoproteinska suva hrana namenjena ishrani ma\u010di\u0107a.<\/p>","protected":false},"featured_media":8310,"comment_status":"open","ping_status":"closed","template":"","meta":{"_acf_changed":false},"pwb-brand":[330,331],"product_cat":[23,21,149],"product_tag":[],"class_list":{"0":"post-8278","1":"product","2":"type-product","3":"status-publish","4":"has-post-thumbnail","6":"pwb-brand-schesir","7":"pwb-brand-schesir-hrana-za-macke","8":"product_cat-macke","9":"product_cat-hrana-za-macke","10":"product_cat-granule-za-macke","12":"first","13":"instock","14":"taxable","15":"shipping-taxable","16":"purchasable","17":"product-type-variable","18":"has-default-attributes"},"acf":[],"brands":[{"id":330,"name":"Schesir","slug":"schesir"},{"id":331,"name":"Schesir Cat Food","slug":"schesir-hrana-za-macke"}],"_links":{"self":[{"href":"https:\/\/pawz.rs\/en\/wp-json\/wp\/v2\/product\/8278","targetHints":{"allow":["GET"]}}],"collection":[{"href":"https:\/\/pawz.rs\/en\/wp-json\/wp\/v2\/product"}],"about":[{"href":"https:\/\/pawz.rs\/en\/wp-json\/wp\/v2\/types\/product"}],"replies":[{"embeddable":true,"href":"https:\/\/pawz.rs\/en\/wp-json\/wp\/v2\/comments?post=8278"}],"wp:featuredmedia":[{"embeddable":true,"href":"https:\/\/pawz.rs\/en\/wp-json\/wp\/v2\/media\/8310"}],"wp:attachment":[{"href":"https:\/\/pawz.rs\/en\/wp-json\/wp\/v2\/media?parent=8278"}],"wp:term":[{"taxonomy":"pwb-brand","embeddable":true,"href":"https:\/\/pawz.rs\/en\/wp-json\/wp\/v2\/pwb-brand?post=8278"},{"taxonomy":"product_cat","embeddable":true,"href":"https:\/\/pawz.rs\/en\/wp-json\/wp\/v2\/product_cat?post=8278"},{"taxonomy":"product_tag","embeddable":true,"href":"https:\/\/pawz.rs\/en\/wp-json\/wp\/v2\/product_tag?post=8278"}],"curies":[{"name":"wp","href":"https:\/\/api.w.org\/{rel}","templated":true}]}}