{"id":8287,"date":"2023-03-16T18:35:56","date_gmt":"2023-03-16T17:35:56","guid":{"rendered":"https:\/\/pawz.rs\/?post_type=product&#038;p=8287"},"modified":"2026-02-01T12:37:41","modified_gmt":"2026-02-01T11:37:41","slug":"versele-laga-opti-life-adult-maxi","status":"publish","type":"product","link":"https:\/\/pawz.rs\/en\/versele-laga-opti-life-adult-maxi\/","title":{"rendered":"Versele-Laga Opti Life Adult Maxi 12.5 kg"},"content":{"rendered":"<p><strong>Versele-Laga Opti Life Adult Maxi 12.5 kg<\/strong><\/p>\n<p><strong>Opti Life Adult Maxi\u00a0<\/strong>je perfektno izbalansirana formula hrane bazirana na piletini i pirin\u010du, specijalno razvijena da zadovolji sve nutritivne potrebe odraslih pasa velikih rasa koji imaju preko 25kg telesne te\u017eine.\u00a0<strong>Opti Life\u00a0<\/strong><strong>Adult Maxi\u00a0<\/strong>pru\u017ea Va\u0161em psu sve neophodne hranljive materije za optimalno zdravlje i kondiciju<\/p>\n<ul>\n<li>Jedinstvena formula bez glutena ( ne sadr\u017ei p\u0161enicu i kukuruz \u0161to smanjuje rizik od pojave alergije na gluten ), sa 79% proteina \u017eivotinjskog porekla koja obezbe\u0111uje laku probavu i optimalnu gustinu stolice<\/li>\n<li>Zahvaljulju\u0107i FOS-u i MOS-u \u0161titi se zdravlje intestinalnog trakta a dodatak antioksidanasa potpoma\u017ee imunitet. Uz to dodatak vitamina C i E potpoma\u017eu imunitet zajedno sa antioksidansima ( ruzmarin i zeleni \u010daj )<\/li>\n<li>Za pse velikih rasa neophodno je da zglobovi budu savitljivi i zdravi. Piletina kao glavni sastojak ove hrane je dobar izvor hrondotoina a u me\u0161avinu smo dodali i glukozamin. Oba ova nutrienta obezbe\u0111uju da zglobovi budu savitljivi a hrskavica na njima zdrava<\/li>\n<li>Veli\u010dina granule od 22 milimetara je prilago\u0111ena zubalu velikih rasa pasa, obezbe\u0111uje dobru oralnu higijenu a u kombinaciji sa ukusnom formulom Va\u0161 pas \u0107e vrlo rado jesti ovu hranu<\/li>\n<\/ul>\n<p><strong>Saveti:<\/strong><\/p>\n<ul>\n<li>\u00a0Preporu\u010dene dnevne koli\u010dine hrane prilagodite te\u017eini kao i op\u0161tem stanju organizma Va\u0161eg psa. Uz to imajte u vidu i njegovu dnevnu koli\u010dinu aktivnosti<\/li>\n<li>\u00a0Postarajte se da u svakom trenutku psu bude dostupna sve\u017ea pija\u0107a voda<\/li>\n<li>\u00a0Pre\u0111ite na ishranu Opti Life Senior Medium&amp;Maxi kada pas napuni oko 7 godina strarosti<\/li>\n<\/ul>\n<p><strong>Sastav:<\/strong>\u00a028% dehidriran piletina, 28% pirina\u010d, pirin\u010dano bra\u0161no, \u017eivotinjska mast, seme lana, vlakna iz povr\u0107a, pivski kvasac, lososovo ulje, minerali, su\u0161ena cela jaja, FOS 0,1%, MOS 0,1%, lecitin, morske alge (\u00a0\u00a0Ascophyllum nodosum ), ruzmarin, neven, zeleni \u010daj<\/p>\n<p><strong>Analytical composition:<\/strong>\u00a0proteini 24%, masti 14%, sirova vlakna 2%, sirovi pepeo 6,5%, kalcijum 1%, fosfor 0,7%<\/p>\n<p>Serve food in dry form with available fresh water.<br \/>\nFor your pet&#039;s health, consult a veterinarian regularly.<\/p>\n<p>Store the product in a dry, dark and cool place.<\/p>\n<p>Proizvo\u0111a\u010d: Versele-Laga<br \/>\nZemlja porekla: Belgija (EU)<\/p>\n\n    <div class=\"xs_social_share_widget xs_share_url after_content \t\tmain_content  wslu-style-1 wslu-share-box-shaped wslu-fill-colored wslu-none wslu-share-horizontal wslu-theme-font-no wslu-main_content\">\n\n\t\t\n        <ul>\n\t\t\t        <\/ul>\n    <\/div>","protected":false},"excerpt":{"rendered":"<p>Opti Life Adult Maxi je perfektno izbalansirana formula hrane bazirana na piletini i pirin\u010du za pse velikih rasa<\/p>","protected":false},"featured_media":9045,"comment_status":"open","ping_status":"closed","template":"","meta":{"_acf_changed":false},"pwb-brand":[],"product_cat":[47,48,49],"product_tag":[209],"class_list":{"0":"post-8287","1":"product","2":"type-product","3":"status-publish","4":"has-post-thumbnail","6":"product_cat-psi","7":"product_cat-hrana-za-pse","8":"product_cat-granule-za-pse","9":"product_tag-bez-glutena","11":"first","12":"instock","13":"taxable","14":"shipping-taxable","15":"purchasable","16":"product-type-simple"},"acf":[],"brands":[],"_links":{"self":[{"href":"https:\/\/pawz.rs\/en\/wp-json\/wp\/v2\/product\/8287","targetHints":{"allow":["GET"]}}],"collection":[{"href":"https:\/\/pawz.rs\/en\/wp-json\/wp\/v2\/product"}],"about":[{"href":"https:\/\/pawz.rs\/en\/wp-json\/wp\/v2\/types\/product"}],"replies":[{"embeddable":true,"href":"https:\/\/pawz.rs\/en\/wp-json\/wp\/v2\/comments?post=8287"}],"wp:featuredmedia":[{"embeddable":true,"href":"https:\/\/pawz.rs\/en\/wp-json\/wp\/v2\/media\/9045"}],"wp:attachment":[{"href":"https:\/\/pawz.rs\/en\/wp-json\/wp\/v2\/media?parent=8287"}],"wp:term":[{"taxonomy":"pwb-brand","embeddable":true,"href":"https:\/\/pawz.rs\/en\/wp-json\/wp\/v2\/pwb-brand?post=8287"},{"taxonomy":"product_cat","embeddable":true,"href":"https:\/\/pawz.rs\/en\/wp-json\/wp\/v2\/product_cat?post=8287"},{"taxonomy":"product_tag","embeddable":true,"href":"https:\/\/pawz.rs\/en\/wp-json\/wp\/v2\/product_tag?post=8287"}],"curies":[{"name":"wp","href":"https:\/\/api.w.org\/{rel}","templated":true}]}}