{"id":8297,"date":"2023-03-16T18:45:16","date_gmt":"2023-03-16T17:45:16","guid":{"rendered":"https:\/\/pawz.rs\/?post_type=product&#038;p=8297"},"modified":"2026-02-01T12:40:49","modified_gmt":"2026-02-01T11:40:49","slug":"versele-laga-opti-life-senior-medium-maxi","status":"publish","type":"product","link":"https:\/\/pawz.rs\/en\/versele-laga-opti-life-senior-medium-maxi\/","title":{"rendered":"Versele-Laga Opti Life Senior Medium\/Maxi 12.5 kg"},"content":{"rendered":"<p><strong>Versele-Laga Opti Life Senior Medium\/Maxi 12.5 kg<\/strong><\/p>\n<p><strong>Opti Life Senior Medium&amp;Maxi\u00a0<\/strong>je perfektno izbalansirana formula hrane bazirana na piletini i pirin\u010du, specijalno razvijena da zadovolji sve nutritivne potrebe odraslih pasa od 7-e godine \u017eivota pa navi\u0161e,\u00a0 srednjih i velikih rasa koji imaju vi\u0161e od 10kg telesne te\u017eine.\u00a0<strong>Opti Life\u00a0<\/strong><strong>Senior\u00a0<\/strong><strong>Medium&amp;Maxi<\/strong><strong>\u00a0<\/strong>pru\u017ea Va\u0161em psu sve neophodne hranljive materije za optimalno zdravlje i kondiciju<\/p>\n<ul>\n<li>Jedinstvena formula bez glutena ( ne sadr\u017ei p\u0161enicu i kukuruz \u0161to smanjuje rizik od pojave alergije na gluten ), sa 80% proteina \u017eivotinjskog porekla koja obezbe\u0111uje laku probavu i optimalnu gustinu stolice<\/li>\n<li>Potpoma\u017ee imunitet i daje dodatnu za\u0161titu protiv \u0107elijskog starenja. Tako\u0111e neophodno je za\u0161titi srce i kardio-vaskularni sistem kod pasa u zrelijim godinama. Zato je u hranu dodat taurin<\/li>\n<li>Kod pasa u zrelijim godinama neophodno je za\u0161titi mi\u0161i\u0107e i zglobove. Piletina kao osnovni sastojak ove hrane je bogata hrondotoinom a mi smo dodali i glukozamin. Oba ova nutrienta su neophodna kako bi zglobovi bili savitljivi a hrskavica na njima zdrava<\/li>\n<li>Veli\u010dina granule od 15 milimetara je prilago\u0111ena zubalu srednjih i velikih rasa pasa, obezbe\u0111uje dobru oralnu higijenu a u kombinaciji sa ukusnom formulom Va\u0161 pas \u0107e vrlo rado jesti ovu hranu<\/li>\n<\/ul>\n<p><strong>Saveti:<\/strong><\/p>\n<ul>\n<li>\u00a0Sada kada Va\u0161 pas stari neophodno je kontrolisati njegovu telesnu te\u017einu. Gojaznost pravi dodatni pritisak na zglobove i srce<\/li>\n<li>\u00a0Postarajte se da u svakom trenutku psu bude dostupna sve\u017ea pija\u0107a voda<\/li>\n<li>\u00a0Obratite dodatnu pa\u017enju na oralnu higijenu<\/li>\n<\/ul>\n<p><strong>Sastav:<\/strong>\u00a028% dehidrirana jagnjetina, 27% pirina\u010d, pirin\u010dano bra\u0161no, \u017eivotinjska mast,\u00a0 losos, seme lana, vlakna iz povr\u0107a, pivski kvasac, lososovo ulje, minerali, su\u0161ena cela jaja, FOS 0,1%, MOS 0,1%, lecitin, morske alge (\u00a0\u00a0Ascophyllum nodosum ), ruzmarin, neven, zeleni \u010daj<\/p>\n<p><strong>Analytical composition:<\/strong>\u00a0proteini 25%, masti 10%, sirova vlakna 3,5%, sirovi pepeo 6,5%, kalcijum 0,95%, fosfor 0,7%<\/p>\n<p>Serve food in dry form with available fresh water.<br \/>\nFor your pet&#039;s health, consult a veterinarian regularly.<\/p>\n<p>Store the product in a dry, dark and cool place.<\/p>\n<p>Proizvo\u0111a\u010d: Versele-Laga<br \/>\nZemlja porekla: Belgija (EU)<\/p>\n\n    <div class=\"xs_social_share_widget xs_share_url after_content \t\tmain_content  wslu-style-1 wslu-share-box-shaped wslu-fill-colored wslu-none wslu-share-horizontal wslu-theme-font-no wslu-main_content\">\n\n\t\t\n        <ul>\n\t\t\t        <\/ul>\n    <\/div>","protected":false},"excerpt":{"rendered":"<p>Opti Life Senior za srednje i velike rase je perfektno izbalansirana formula hrane bazirana na piletini i pirin\u010du, specijalno razvijena da zadovolji sve nutritivne potrebe odraslih pasa od 7-e godine \u017eivota<\/p>","protected":false},"featured_media":8121,"comment_status":"open","ping_status":"closed","template":"","meta":{"_acf_changed":false},"pwb-brand":[],"product_cat":[49,48,47],"product_tag":[209],"class_list":{"0":"post-8297","1":"product","2":"type-product","3":"status-publish","4":"has-post-thumbnail","6":"product_cat-granule-za-pse","7":"product_cat-hrana-za-pse","8":"product_cat-psi","9":"product_tag-bez-glutena","11":"first","12":"instock","13":"taxable","14":"shipping-taxable","15":"purchasable","16":"product-type-simple"},"acf":[],"brands":[],"_links":{"self":[{"href":"https:\/\/pawz.rs\/en\/wp-json\/wp\/v2\/product\/8297","targetHints":{"allow":["GET"]}}],"collection":[{"href":"https:\/\/pawz.rs\/en\/wp-json\/wp\/v2\/product"}],"about":[{"href":"https:\/\/pawz.rs\/en\/wp-json\/wp\/v2\/types\/product"}],"replies":[{"embeddable":true,"href":"https:\/\/pawz.rs\/en\/wp-json\/wp\/v2\/comments?post=8297"}],"wp:featuredmedia":[{"embeddable":true,"href":"https:\/\/pawz.rs\/en\/wp-json\/wp\/v2\/media\/8121"}],"wp:attachment":[{"href":"https:\/\/pawz.rs\/en\/wp-json\/wp\/v2\/media?parent=8297"}],"wp:term":[{"taxonomy":"pwb-brand","embeddable":true,"href":"https:\/\/pawz.rs\/en\/wp-json\/wp\/v2\/pwb-brand?post=8297"},{"taxonomy":"product_cat","embeddable":true,"href":"https:\/\/pawz.rs\/en\/wp-json\/wp\/v2\/product_cat?post=8297"},{"taxonomy":"product_tag","embeddable":true,"href":"https:\/\/pawz.rs\/en\/wp-json\/wp\/v2\/product_tag?post=8297"}],"curies":[{"name":"wp","href":"https:\/\/api.w.org\/{rel}","templated":true}]}}