{"id":8318,"date":"2023-03-16T18:56:07","date_gmt":"2023-03-16T17:56:07","guid":{"rendered":"https:\/\/pawz.rs\/?post_type=product&#038;p=8318"},"modified":"2024-08-12T17:46:05","modified_gmt":"2024-08-12T15:46:05","slug":"versele-laga-opti-life-active-all-breeds","status":"publish","type":"product","link":"https:\/\/pawz.rs\/en\/versele-laga-opti-life-active-all-breeds\/","title":{"rendered":"Versele-Laga Opti Life Active All Breeds 12.5 kg"},"content":{"rendered":"<p><strong>Versele-Laga Opti Life Active All Breeds 12.5 kg<\/strong><\/p>\n<p><strong>Opti Life Active All Breeds\u00a0<\/strong>je perfektno izbalansirana formula hrane bazirana na lososu i pirin\u010du, specijalno razvijena da zadovolji sve nutritivne potrebe odraslih pasa svih rasa koji imaju povi\u0161en nivo fizi\u010dkih aktivnosti.<\/p>\n<p><strong>Opti Life<\/strong><strong>\u00a0Active All Breeds<\/strong><strong>\u00a0<\/strong>pru\u017ea Va\u0161em psu sve neophodne hranljive materije za optimalno zdravlje i kondiciju<\/p>\n<ul>\n<li>Jedinstvena formula bez glutena (ne sadr\u017ei p\u0161enicu i kukuruz \u0161to smanjuje rizik od pojave alergije na gluten), sa 88% proteina \u017eivotinjskog porekla koja obezbe\u0111uje laku probavu i optimalnu gustinu stolice<\/li>\n<li>Potpoma\u017ee imunitet, zglobove i hrskavicu. Piletina kao osnovni sastojak ove hrana je bogata hrondo<\/li>\n<li>toinom a mi smo dodali i glukozamin. Oba ova nutrienta poma\u017eu zdravlje zglobova i hrskavice<\/li>\n<li>Uz dodati L-karnitin koji prirodno sagoreva masti i na taj na\u010din poma\u017ee u kontroli telesne te\u017eine psa daju\u0107i mu dodatnu energiju neophodnu za fizi\u010dke aktivnosti \u0161to je posebno va\u017eno kod sportskih i radnih pasa<\/li>\n<\/ul>\n<p><strong>Saveti:<\/strong><\/p>\n<ul>\n<li>\u00a0Ukoliko mislite da Va\u0161 pas ima osetljivu ko\u017eu obavezno konsultujte veterinara<\/li>\n<li>\u00a0Postarajte se da u svakom trenutku \u0161tencima bude dostupna sve\u017ea pija\u0107a voda<\/li>\n<li>\u00a0Pre\u0111ite na ishranu Opti Life Senior Medium&amp;Maxi kada pas napuni oko 7 godina strarosti<\/li>\n<\/ul>\n<p><strong>Sastav:<\/strong> 42% dehidrirana piletina, 20% pirina\u010d, pirin\u010dano bra\u0161no, \u017eivotinjska mast, losos, seme lana, vlakna iz povr\u0107a, pivski kvasac, lososovo ulje 1%, minerali, FOS, MOS, lecitin, morske alge ( Ascophyllum nodosum ), ruzmarin, neven, zeleni \u010daj<\/p>\n<p><strong>Analytical composition:<\/strong>\u00a0proteini 32%, masti 22%, sirova vlakna 2%, sirovi pepeo 7%, kalcijum 1,3%, fosfor 1%<\/p>\n<p>Serve food in dry form with available fresh water.<br \/>\nFor your pet&#039;s health, consult a veterinarian regularly.<\/p>\n<p>Store the product in a dry, dark and cool place.<\/p>\n<p>Proizvo\u0111a\u010d: Versele-Laga<br \/>\nZemlja porekla: Belgija (EU)<\/p>\n\n    <div class=\"xs_social_share_widget xs_share_url after_content \t\tmain_content  wslu-style-1 wslu-share-box-shaped wslu-fill-colored wslu-none wslu-share-horizontal wslu-theme-font-no wslu-main_content\">\n\n\t\t\n        <ul>\n\t\t\t        <\/ul>\n    <\/div>","protected":false},"excerpt":{"rendered":"<p>Opti Life Active za sve rase je perfektno izbalansirana formula hrane bazirana na lososu i pirin\u010du<\/p>","protected":false},"featured_media":8127,"comment_status":"open","ping_status":"closed","template":"","meta":{"_acf_changed":false},"pwb-brand":[],"product_cat":[47,48,49],"product_tag":[209],"class_list":{"0":"post-8318","1":"product","2":"type-product","3":"status-publish","4":"has-post-thumbnail","6":"product_cat-psi","7":"product_cat-hrana-za-pse","8":"product_cat-granule-za-pse","9":"product_tag-bez-glutena","11":"first","12":"instock","13":"taxable","14":"shipping-taxable","15":"purchasable","16":"product-type-simple"},"acf":[],"brands":[],"_links":{"self":[{"href":"https:\/\/pawz.rs\/en\/wp-json\/wp\/v2\/product\/8318","targetHints":{"allow":["GET"]}}],"collection":[{"href":"https:\/\/pawz.rs\/en\/wp-json\/wp\/v2\/product"}],"about":[{"href":"https:\/\/pawz.rs\/en\/wp-json\/wp\/v2\/types\/product"}],"replies":[{"embeddable":true,"href":"https:\/\/pawz.rs\/en\/wp-json\/wp\/v2\/comments?post=8318"}],"wp:featuredmedia":[{"embeddable":true,"href":"https:\/\/pawz.rs\/en\/wp-json\/wp\/v2\/media\/8127"}],"wp:attachment":[{"href":"https:\/\/pawz.rs\/en\/wp-json\/wp\/v2\/media?parent=8318"}],"wp:term":[{"taxonomy":"pwb-brand","embeddable":true,"href":"https:\/\/pawz.rs\/en\/wp-json\/wp\/v2\/pwb-brand?post=8318"},{"taxonomy":"product_cat","embeddable":true,"href":"https:\/\/pawz.rs\/en\/wp-json\/wp\/v2\/product_cat?post=8318"},{"taxonomy":"product_tag","embeddable":true,"href":"https:\/\/pawz.rs\/en\/wp-json\/wp\/v2\/product_tag?post=8318"}],"curies":[{"name":"wp","href":"https:\/\/api.w.org\/{rel}","templated":true}]}}