{"id":9075,"date":"2023-03-17T14:16:16","date_gmt":"2023-03-17T13:16:16","guid":{"rendered":"https:\/\/pawz.rs\/?post_type=product&#038;p=9075"},"modified":"2025-05-20T16:33:01","modified_gmt":"2025-05-20T14:33:01","slug":"schesir-dry-ham","status":"publish","type":"product","link":"https:\/\/pawz.rs\/en\/schesir-dry-ham\/","title":{"rendered":"Schesir Cat Dry Ham"},"content":{"rendered":"<p><strong>Schesir Cat Dry Ham<br \/>\n<\/strong><br \/>\nKompletna monoproteinska suva hrana sa \u0161unkom namenjena ishrani odraslih ma\u010daka.<\/p>\n<p><strong>SCHESIR ADULT MAINTENANCE HAM<\/strong>\u00a0je deo Schesir suve linije hrane za ma\u010dke koja je pripremljena sa potpuno prirodnim sastojcima ( bez aditiva ili dodatne obrade kako bi bila prilago\u0111ena za ishranu ljubimaca ) sa dodatkom vitamina I minerala koji zadovoljavaju sve nutritivne potrebe ma\u010daka u razli\u010ditim starosnim dobima I razli\u010ditog zdravstvenog stanja.<\/p>\n<p>Glavni izvor proteina je \u0161unka.<\/p>\n<p>Svaki proizvod iz ove linije ima nekoliko zajedni\u010dkih komponenti:<\/p>\n<ul>\n<li>Jedan izvor proteina koji je pogodan za sve ma\u010dke<\/li>\n<li>Bez konzervanasa I ve\u0161ta\u010dkih boja<\/li>\n<li>Sadr\u017ee probiotike koji omogu\u0107avaju adekvatnu apsorpciju nutritivnih elemenata I kontorolu mirisa<\/li>\n<li>Proteini u hrani su lako svarljivi<\/li>\n<li>Nisu testirani na \u017eivotinjama<\/li>\n<\/ul>\n<p><strong>OSETLJIVOST KO\u017dE:<br \/>\n<\/strong>Pivski kvasac, Omega 3, Omega 6 i biotin potpoma\u017eu imuni sistem ko\u017ee i omogu\u0107avaju zdravu ko\u017eu i dlaku<\/p>\n<p><strong>ANTIOKSIDANSI:<br \/>\n<\/strong>Specijalan miks aromati\u010dnih biljaka ( gro\u017e\u0111e, citrusi, karanfili\u0107, kurkuma, ruzmarin )\u00a0 \u00a0stvaraju antioksidantsku sinergiju koja poma\u017ee da se organizam o\u010disti od slobodnih radikala<\/p>\n<p><strong>SASTAV:<br \/>\n<\/strong>26% dehidridano svinjsko meso od \u010dega je 8% \u0161unka, 19% pirina\u010d, 19% je\u010dam, pro\u010di\u0161\u0107ena \u017eivotinjska mast, proteini iz krompira, kukuruzni gluten, pulpa repe, 1% pivski kvasac, 1% laneno ulje, 1% bra\u0161no gra\u0161ka, 1% fruktooligosaharidi ( FOS ), 1%\u00a0 pulpa cikorije, 1% ulje suncokreta, sodium pirofosfat, kalijum hlorid, 0,1% Mohave juka, 0,03% su\u0161ene aromati\u010dne biljke (gro\u017e\u0111e, citrusi, karanfili\u0107, kurkuma, ruzmarin )<\/p>\n<p><strong>NUTRITIVNI ADITIVI PO KILOGRAMU:<br \/>\n<\/strong>Vitamin A 31000 I.U, Vitamin D3 1600 I.U, Vitamin B6 10mg, Vitamin B12 0,08mg, Foli\u010dna kiselina 1mg, Biotin 0,28mg, Vitamin E 370mg, Vitamin C 200mg, Taurin 2,500mg, Gvo\u017e\u0111e sulfat monohidrat 715mg ( Fe 215mg ), Bakar sulfat pentahidrat 44mg ( Cu 11mg ), Mangan sulfat monohidrat 129mg ( Mn 40mg ), Cink sulfat monohidrat 415mg ( Zn 145mg ), Jod kalcijum anhidros 2,5mg ( I 1,57mg ), Natrijum selenit 0,93mg ( Se 0,42mg )<\/p>\n<p><strong>ANALITI\u010cKI SASTAV:<br \/>\n<\/strong>Sirovi proteini 33,5%, Sirova ulja i masti 17%, Sirova vlakna 2,2%, Sirovi pepeo 6%, Kalcijum 0,9%, Fosfor 0,8%, Magnezijum 0,08%, Natrijum 0,4%, Kalijum 0,6%, Vlaga 10%, Omega 6 2,2%, Omega 3 0,3%,3800 kcal\/kg<\/p>\n<p>Serve food in dry form with available fresh water.<br \/>\nFor your pet&#039;s health, consult a veterinarian regularly.<\/p>\n<p>Store the product in a dry, dark and cool place.<\/p>\n<p>Proizvo\u0111a\u010d: Agras Delic S.p.A<br \/>\nZemlja porekla: Italija<\/p>\n\n    <div class=\"xs_social_share_widget xs_share_url after_content \t\tmain_content  wslu-style-1 wslu-share-box-shaped wslu-fill-colored wslu-none wslu-share-horizontal wslu-theme-font-no wslu-main_content\">\n\n\t\t\n        <ul>\n\t\t\t        <\/ul>\n    <\/div>","protected":false},"excerpt":{"rendered":"<p>Schesir Dry \u0160unka je kompletna monoproteinska suva hrana sa \u0161unkom namenjena ishrani odraslih ma\u010daka.<\/p>\n<p>&nbsp;<\/p>","protected":false},"featured_media":8308,"comment_status":"open","ping_status":"closed","template":"","meta":{"_acf_changed":false},"pwb-brand":[330,331],"product_cat":[23,21,149],"product_tag":[],"class_list":{"0":"post-9075","1":"product","2":"type-product","3":"status-publish","4":"has-post-thumbnail","6":"pwb-brand-schesir","7":"pwb-brand-schesir-hrana-za-macke","8":"product_cat-macke","9":"product_cat-hrana-za-macke","10":"product_cat-granule-za-macke","12":"first","13":"instock","14":"taxable","15":"shipping-taxable","16":"purchasable","17":"product-type-variable","18":"has-default-attributes"},"acf":[],"brands":[{"id":330,"name":"Schesir","slug":"schesir"},{"id":331,"name":"Schesir Cat Food","slug":"schesir-hrana-za-macke"}],"_links":{"self":[{"href":"https:\/\/pawz.rs\/en\/wp-json\/wp\/v2\/product\/9075","targetHints":{"allow":["GET"]}}],"collection":[{"href":"https:\/\/pawz.rs\/en\/wp-json\/wp\/v2\/product"}],"about":[{"href":"https:\/\/pawz.rs\/en\/wp-json\/wp\/v2\/types\/product"}],"replies":[{"embeddable":true,"href":"https:\/\/pawz.rs\/en\/wp-json\/wp\/v2\/comments?post=9075"}],"wp:featuredmedia":[{"embeddable":true,"href":"https:\/\/pawz.rs\/en\/wp-json\/wp\/v2\/media\/8308"}],"wp:attachment":[{"href":"https:\/\/pawz.rs\/en\/wp-json\/wp\/v2\/media?parent=9075"}],"wp:term":[{"taxonomy":"pwb-brand","embeddable":true,"href":"https:\/\/pawz.rs\/en\/wp-json\/wp\/v2\/pwb-brand?post=9075"},{"taxonomy":"product_cat","embeddable":true,"href":"https:\/\/pawz.rs\/en\/wp-json\/wp\/v2\/product_cat?post=9075"},{"taxonomy":"product_tag","embeddable":true,"href":"https:\/\/pawz.rs\/en\/wp-json\/wp\/v2\/product_tag?post=9075"}],"curies":[{"name":"wp","href":"https:\/\/api.w.org\/{rel}","templated":true}]}}