{"id":9090,"date":"2023-03-17T16:00:04","date_gmt":"2023-03-17T15:00:04","guid":{"rendered":"https:\/\/pawz.rs\/?post_type=product&#038;p=9090"},"modified":"2025-01-11T21:59:07","modified_gmt":"2025-01-11T20:59:07","slug":"schesir-dry-sterilized-light-fish","status":"publish","type":"product","link":"https:\/\/pawz.rs\/en\/schesir-dry-sterilized-light-fish\/","title":{"rendered":"Schesir Dry Sterilized &#038; Light Fish 10 kg"},"content":{"rendered":"<p><strong>Schesir Dry Sterilized &amp; Light Fish 10 kg<br \/>\n<\/strong><br \/>\nKompletna monoproteinska suva hrana sa ribom namenjena ishrani sterilisanih ma\u010daka i onih sklonih gojenju.<\/p>\n<p><strong>SCHESIR STERILIZED AND LIGHT<\/strong>\u00a0je deo Schesir suve linije hrane za ma\u010dke koja je pripremljena sa potpuno prirodnim sastojcima ( bez aditiva ili dodatne obrade kako bi bila prilago\u0111ena za ishranu ljubimaca ) sa dodatkom vitamina I minerala koji zadovoljavaju sve nutritivne potrebe ma\u010daka u razli\u010ditim starosnim dobima I razli\u010ditog zdravstvenog stanja.<\/p>\n<p>Glavni izvor proteina je riba<\/p>\n<p>Svaki proizvod iz ove linije ima nekoliko zajedni\u010dkih komponenti:<\/p>\n<ul>\n<li>\u00a0Jedan izvor proteina koji je pogodan za sve ma\u010dke<\/li>\n<li>\u00a0Bez konzervanasa I ve\u0161ta\u010dkih boja<\/li>\n<li>\u00a0Sadr\u017ee probiotike koji omogu\u0107avaju adekvatnu apsorpciju nutritivnih elemenata I kontorolu\u00a0 \u00a0 \u00a0 \u00a0mirisa<\/li>\n<li>\u00a0Proteini u hrani su lako svarljivi<\/li>\n<li>\u00a0Nisu testirani na \u017eivotinjama<\/li>\n<\/ul>\n<p><strong>NIZAK UDEO\u00a0 MASTI I KALORIJA U SASTAVU:<br \/>\n<\/strong>Nizak udeo masti i visok udeo vlakana u sastavu ove hrane poma\u017eu odr\u017eanju\u00a0 \u00a0optimalne te\u017eine kod sterilisanih ma\u010daka<\/p>\n<p><strong>SASTAV:<br \/>\n<\/strong>26% riba (10% tuna, 8% nordijska riba, 8% losos ), 19% pirina\u010d, 19% je\u010dam, pro\u010di\u0161\u0107ena \u017eivotinjska mast, proteini iz krompira, kukuruzni gluten, 4% vlakana biljnog porekla,\u00a0 pulpa repe, 1% pivski kvasac, 1% laneno ulje, 1% bra\u0161no gra\u0161ka, 1% fruktooligosaharidi ( FOS ), 1%\u00a0 pulpa cikorije, 1% lososovo ulje, suncokretovo ulje, sodium pirofosfat, kalijum hlorid, 0,1% Mohave juka<\/p>\n<p><strong>NUTRITIVNI ADITIVI PO KG PROIZVODA:<br \/>\n<\/strong>Vit. A 31.000 UI, Vit. D3 1.600, UU, vit. b6 10 mg, vit. B12 0.09, mg, foli\u010dna kiselina 1 mg, biotin 0.28, mg, vit. E 370 mg, vit. C 200 mg, Taurin 2.500 mg, Gvo\u017e\u0111e 215 mg (gvo\u017e\u0111e sulfat monohidrat ),Bakar 11 mg (Bakar sulfat pentahidrat), Mangan 40 mg (mangan sulfat monohidrat), Cink 147 mg (cink sulfat monohidrat), Jodid 1,6 mg\/kg (kalcijum jodid anhidros), Selenijum 0,42 mg\/kg (natrijum selenit), miks ekstrakta ruzmarina, kkurkume, gro\u017e\u0111a, citrusnog vo\u0107a i ulja karanfili\u0107a 300mg<\/p>\n<p><strong>ANALITI\u010cKI SASTAV:<br \/>\n<\/strong>Sirovi proteini 35%, Sirova ulja i masti 11%, Sirova vlakna 4%, Sirovi pepeo 7%, Kalcijum 0,98%, Fosfor 0,9%, Magnezijum 0,08%, Natrijum 0,4%, Kalijum 0,67%, Vlaga 10%, Omega 6 2,1%, Omega 3 0,7%, 362 kcal\/kg<\/p>\n<p>Serve food in dry form with available fresh water.<br \/>\nFor your pet&#039;s health, consult a veterinarian regularly.<\/p>\n<p>Store the product in a dry, dark and cool place.<\/p>\n<p>Proizvo\u0111a\u010d: Agras Delic S.p.A<br \/>\nZemlja porekla: Italija<\/p>\n\n    <div class=\"xs_social_share_widget xs_share_url after_content \t\tmain_content  wslu-style-1 wslu-share-box-shaped wslu-fill-colored wslu-none wslu-share-horizontal wslu-theme-font-no wslu-main_content\">\n\n\t\t\n        <ul>\n\t\t\t        <\/ul>\n    <\/div>","protected":false},"excerpt":{"rendered":"<p>Schesir Dry Sterilized &amp; Light Riba je kompletna monoproteinska suva hrana sa \u0161unkom namenjena ishrani sterilisanih ma\u010daka i onih sklonih gojenju.<\/p>\n<p>&nbsp;<\/p>","protected":false},"featured_media":8305,"comment_status":"open","ping_status":"closed","template":"","meta":{"_acf_changed":false},"pwb-brand":[330,331],"product_cat":[23,21,149],"product_tag":[],"class_list":{"0":"post-9090","1":"product","2":"type-product","3":"status-publish","4":"has-post-thumbnail","6":"pwb-brand-schesir","7":"pwb-brand-schesir-hrana-za-macke","8":"product_cat-macke","9":"product_cat-hrana-za-macke","10":"product_cat-granule-za-macke","12":"first","13":"instock","14":"taxable","15":"shipping-taxable","16":"purchasable","17":"product-type-simple"},"acf":[],"brands":[{"id":330,"name":"Schesir","slug":"schesir"},{"id":331,"name":"Schesir Cat Food","slug":"schesir-hrana-za-macke"}],"_links":{"self":[{"href":"https:\/\/pawz.rs\/en\/wp-json\/wp\/v2\/product\/9090","targetHints":{"allow":["GET"]}}],"collection":[{"href":"https:\/\/pawz.rs\/en\/wp-json\/wp\/v2\/product"}],"about":[{"href":"https:\/\/pawz.rs\/en\/wp-json\/wp\/v2\/types\/product"}],"replies":[{"embeddable":true,"href":"https:\/\/pawz.rs\/en\/wp-json\/wp\/v2\/comments?post=9090"}],"wp:featuredmedia":[{"embeddable":true,"href":"https:\/\/pawz.rs\/en\/wp-json\/wp\/v2\/media\/8305"}],"wp:attachment":[{"href":"https:\/\/pawz.rs\/en\/wp-json\/wp\/v2\/media?parent=9090"}],"wp:term":[{"taxonomy":"pwb-brand","embeddable":true,"href":"https:\/\/pawz.rs\/en\/wp-json\/wp\/v2\/pwb-brand?post=9090"},{"taxonomy":"product_cat","embeddable":true,"href":"https:\/\/pawz.rs\/en\/wp-json\/wp\/v2\/product_cat?post=9090"},{"taxonomy":"product_tag","embeddable":true,"href":"https:\/\/pawz.rs\/en\/wp-json\/wp\/v2\/product_tag?post=9090"}],"curies":[{"name":"wp","href":"https:\/\/api.w.org\/{rel}","templated":true}]}}