{"id":9134,"date":"2023-03-17T19:53:59","date_gmt":"2023-03-17T18:53:59","guid":{"rendered":"https:\/\/pawz.rs\/?post_type=product&#038;p=9134"},"modified":"2026-02-01T12:40:50","modified_gmt":"2026-02-01T11:40:50","slug":"versele-laga-opti-life-adult-digestion-medium-maxi","status":"publish","type":"product","link":"https:\/\/pawz.rs\/en\/versele-laga-opti-life-adult-digestion-medium-maxi\/","title":{"rendered":"Versele-Laga Opti Life Adult Digestion Medium\/Maxi 12.5 kg"},"content":{"rendered":"<p><strong>Versele-Laga Opti Life Adult Digestion Medium\/Maxi 12.5 kg<\/strong><\/p>\n<p><strong>Opti Life Digestion Medium\/Maxi <\/strong>je perfektno izbalansirana formula hrane bazirana na jagnjetini i pirin\u010du, specijalno razvijena da zadovolji sve nutritivne potrebe odraslih pasa srednjih i velikih rasa koji imaju vi\u0161e od 10kg telesne te\u017eine sa osetljivim digestivnim traktom.<\/p>\n<p><strong>Opti Life\u00a0<\/strong><strong>Digestion Medium\/Maxi<\/strong><strong>\u00a0<\/strong>pru\u017ea Va\u0161em psu sve neophodne hranljive materije za optimalno zdravlje i kondiciju<\/p>\n<ul>\n<li>Jedinstvena formula bez glutena ( ne sadr\u017ei p\u0161enicu i kukuruz \u0161to smanjuje rizik od pojave alergije na gluten ), sa 73% proteina \u017eivotinjskog porekla koja obezbe\u0111uje laku probavu i optimalnu gustinu stolice<\/li>\n<li>Idealna za ishranu pasa sa osetljivim digestivnim traktom, onih koji imaju alergije na neke namirnicice i onih koji se opravljaju od bolesti<\/li>\n<li>Zahvaljulju\u0107i FOS-u i MOS-u \u0161titi se zdravlje intestinalnog trakta<\/li>\n<li>Veli\u010dina granule od 12 milimetara je prilago\u0111ena zubalu srednjih i velikih rasa pasa, obezbe\u0111uje dobru oralnu higijenu a u kombinaciji sa ukusnom formulom Va\u0161 pas \u0107e vrlo rado jesti ovu hranu<\/li>\n<\/ul>\n<p><strong>Saveti:<\/strong><\/p>\n<ul>\n<li>Digestivni trakt mo\u017ee biti osetljiv kao reakcija na neke namirnice, alergije, upale&#8230; Uvek konsultujte Va\u0161eg veterinara ukoliko do\u0111e do dugotrajne pojave dijareje ili drugih intestinalnih problema kod Va\u0161eg psa<\/li>\n<li>Postarajte se da u svakom trenutku \u0161tencima bude dostupna sve\u017ea pija\u0107a voda<\/li>\n<li>Pre\u0111ite na ishranu Opti Life Senior Medium&amp;Maxi kada pas napuni oko 7 godina strarosti<\/li>\n<\/ul>\n<p><strong>Sastav:<\/strong>\u00a025% dehidrirana jagnjetina, 25% pirina\u010d, pirin\u010dano bra\u0161no, \u017eivotinjska mast,\u00a0 losos, seme lana, vlakna iz povr\u0107a, pivski kvasac, lososovo ulje, minerali, FOS 0,1%, MOS 0,1%, lecitin, morske alge (\u00a0\u00a0Ascophyllum nodosum ), ruzmarin, neven, zeleni \u010daj<\/p>\n<p><strong>Analytical composition:<\/strong>\u00a0proteini 23%, masti 14%, sirova vlakna 2,5%, sirovi pepeo 7,9%, kalcijum 1,6%, fosfor 1,1%<\/p>\n<p>Serve food in dry form with available fresh water.<br \/>\nFor your pet&#039;s health, consult a veterinarian regularly.<\/p>\n<p>Store the product in a dry, dark and cool place.<\/p>\n<p>Proizvo\u0111a\u010d: Versele-Laga<br \/>\nZemlja porekla: Belgija (EU)<\/p>\n\n    <div class=\"xs_social_share_widget xs_share_url after_content \t\tmain_content  wslu-style-1 wslu-share-box-shaped wslu-fill-colored wslu-none wslu-share-horizontal wslu-theme-font-no wslu-main_content\">\n\n\t\t\n        <ul>\n\t\t\t        <\/ul>\n    <\/div>","protected":false},"excerpt":{"rendered":"<p>Opti Life Digestion za srednje i velike rase i je perfektno izbalansirana formula hrane bazirana na jagnjetini i pirin\u010du<\/p>","protected":false},"featured_media":8128,"comment_status":"open","ping_status":"closed","template":"","meta":{"_acf_changed":false},"pwb-brand":[],"product_cat":[47,48,49],"product_tag":[209],"class_list":{"0":"post-9134","1":"product","2":"type-product","3":"status-publish","4":"has-post-thumbnail","6":"product_cat-psi","7":"product_cat-hrana-za-pse","8":"product_cat-granule-za-pse","9":"product_tag-bez-glutena","11":"first","12":"instock","13":"taxable","14":"shipping-taxable","15":"purchasable","16":"product-type-simple"},"acf":[],"brands":[],"_links":{"self":[{"href":"https:\/\/pawz.rs\/en\/wp-json\/wp\/v2\/product\/9134","targetHints":{"allow":["GET"]}}],"collection":[{"href":"https:\/\/pawz.rs\/en\/wp-json\/wp\/v2\/product"}],"about":[{"href":"https:\/\/pawz.rs\/en\/wp-json\/wp\/v2\/types\/product"}],"replies":[{"embeddable":true,"href":"https:\/\/pawz.rs\/en\/wp-json\/wp\/v2\/comments?post=9134"}],"wp:featuredmedia":[{"embeddable":true,"href":"https:\/\/pawz.rs\/en\/wp-json\/wp\/v2\/media\/8128"}],"wp:attachment":[{"href":"https:\/\/pawz.rs\/en\/wp-json\/wp\/v2\/media?parent=9134"}],"wp:term":[{"taxonomy":"pwb-brand","embeddable":true,"href":"https:\/\/pawz.rs\/en\/wp-json\/wp\/v2\/pwb-brand?post=9134"},{"taxonomy":"product_cat","embeddable":true,"href":"https:\/\/pawz.rs\/en\/wp-json\/wp\/v2\/product_cat?post=9134"},{"taxonomy":"product_tag","embeddable":true,"href":"https:\/\/pawz.rs\/en\/wp-json\/wp\/v2\/product_tag?post=9134"}],"curies":[{"name":"wp","href":"https:\/\/api.w.org\/{rel}","templated":true}]}}