{"id":9140,"date":"2023-03-17T20:00:21","date_gmt":"2023-03-17T19:00:21","guid":{"rendered":"https:\/\/pawz.rs\/?post_type=product&#038;p=9140"},"modified":"2026-04-18T08:53:43","modified_gmt":"2026-04-18T06:53:43","slug":"versele-laga-opti-life-adult-skin-care-medium-maxi","status":"publish","type":"product","link":"https:\/\/pawz.rs\/en\/versele-laga-opti-life-adult-skin-care-medium-maxi\/","title":{"rendered":"Versele-Laga Opti Life Adult Skin Care Medium\/Maxi 12.5 kg"},"content":{"rendered":"<p><strong>Versele-Laga Opti Life Adult Skin Care Medium\/Maxi 12.5 kg<\/strong><\/p>\n<p><strong>Opti Life Skin Care Medium\/Maxi <\/strong>je perfektno izbalansirana formula hrane bazirana na lososu i pirin\u010du, specijalno razvijena da zadovolji sve nutritivne potrebe odraslih pasa srednjih i velikih rasa koji imaju vi\u0161e od 10kg telesne te\u017eine sa problemima sa ko\u017eom i dlakom.<\/p>\n<p><strong>Opti Life\u00a0<\/strong><strong>Skin Care Medium&amp;Maxi<\/strong><strong>\u00a0<\/strong>pru\u017ea Va\u0161em psu sve neophodne hranljive materije za optimalno zdravlje i kondiciju<\/p>\n<ul>\n<li>Jedinstvena formula bez glutena ( ne sadr\u017ei p\u0161enicu i kukuruz \u0161to smanjuje rizik od pojave alergije na gluten ), sa 74% proteina \u017eivotinjskog porekla koja obezbe\u0111uje laku probavu i optimalnu gustinu stolice<\/li>\n<li>Idealna za ishranu pasa sa suvom dlakom i ko\u017eom, izlo\u017ebenih pasa i nakon bolesti<\/li>\n<li>Nutritivni sastav <strong>Opti Life Skin Care\u00a0<\/strong><strong>Medium\/Maxi<\/strong>\u00a0je bogat Omega 3 i Omega 6 masnim kiselinama iz lososa uz dodatak lososovog ulja \u0161to \u010dini dlaku Va\u0161eg psa zdravom i sjajnom<strong>.<\/strong>\u00a0Uz to ova hrana sadr\u017ei biotin, cink i bakar koji se lako apsorbuju u organizmu psa doprinose\u0107i tome da njegova ko\u017ea bude zdrava a dodadtno uti\u010du i na zdravlje dlake.<\/li>\n<li>Veli\u010dina granule od 12 milimetara je prilago\u0111ena zubalu srednjih i velikih rasa pasa, obezbe\u0111uje dobru oralnu higijenu a u kombinaciji sa ukusnom formulom Va\u0161 pas \u0107e vrlo rado jesti ovu hranu<\/li>\n<li>Da bi Va\u0161 pas \u017eiveo dobar in kvalitetan \u017eivot neophodno je za\u0161titi njegovo srce i kardio-vaskularni sistem. Zato smo dodali taurin<\/li>\n<\/ul>\n<p><strong>Saveti:<\/strong><\/p>\n<ul>\n<li>\u00a0Ukoliko mislite da Va\u0161 pas ima osetljivu ko\u017eu obavezno konsultujte veterinara<\/li>\n<li>\u00a0Postarajte se da u svakom trenutku \u0161tencima bude dostupna sve\u017ea pija\u0107a voda<\/li>\n<li>\u00a0Pre\u0111ite na ishranu Opti Life Senior Medium&amp;Maxi kada pas napuni oko 7 godina strarosti<\/li>\n<\/ul>\n<p><strong>Sastav:<\/strong>\u00a025% dehidrirani losos, 25% pirina\u010d, pirin\u010dano bra\u0161no, \u017eivotinjska mast,\u00a0 losos, seme lana, vlakna iz povr\u0107a, pivski kvasac, lososovo ulje 1%, minerali, FOS, MOS, lecitin, morske alge (\u00a0\u00a0Ascophyllum nodosum ), ruzmarin, neven, zeleni \u010daj<\/p>\n<p><strong>Analytical composition:<\/strong>\u00a0proteini 23%, masti 14%, sirova vlakna 2,5%, sirovi pepeo 6,9%, kalcijum 1,1%, fosfor 0,8%, Omega 3 masne kiseline 1,5%, Omega 6 masne kiseline 1%<\/p>\n<p>Serve food in dry form with available fresh water.<br \/>\nFor your pet&#039;s health, consult a veterinarian regularly.<\/p>\n<p>Store the product in a dry, dark and cool place.<\/p>\n<p>Proizvo\u0111a\u010d: Versele-Laga<br \/>\nZemlja porekla: Belgija (EU)<\/p>\n\n    <div class=\"xs_social_share_widget xs_share_url after_content \t\tmain_content  wslu-style-1 wslu-share-box-shaped wslu-fill-colored wslu-none wslu-share-horizontal wslu-theme-font-no wslu-main_content\">\n\n\t\t\n        <ul>\n\t\t\t        <\/ul>\n    <\/div>","protected":false},"excerpt":{"rendered":"<p>Opti Life Skin Care za srednje i velike rase je perfektno izbalansirana formula hrane bazirana na lososu i pirin\u010du<\/p>","protected":false},"featured_media":8112,"comment_status":"open","ping_status":"closed","template":"","meta":{"_acf_changed":false},"pwb-brand":[],"product_cat":[47,48,49],"product_tag":[209],"class_list":{"0":"post-9140","1":"product","2":"type-product","3":"status-publish","4":"has-post-thumbnail","6":"product_cat-psi","7":"product_cat-hrana-za-pse","8":"product_cat-granule-za-pse","9":"product_tag-bez-glutena","11":"first","12":"instock","13":"taxable","14":"shipping-taxable","15":"purchasable","16":"product-type-simple"},"acf":[],"brands":[],"_links":{"self":[{"href":"https:\/\/pawz.rs\/en\/wp-json\/wp\/v2\/product\/9140","targetHints":{"allow":["GET"]}}],"collection":[{"href":"https:\/\/pawz.rs\/en\/wp-json\/wp\/v2\/product"}],"about":[{"href":"https:\/\/pawz.rs\/en\/wp-json\/wp\/v2\/types\/product"}],"replies":[{"embeddable":true,"href":"https:\/\/pawz.rs\/en\/wp-json\/wp\/v2\/comments?post=9140"}],"wp:featuredmedia":[{"embeddable":true,"href":"https:\/\/pawz.rs\/en\/wp-json\/wp\/v2\/media\/8112"}],"wp:attachment":[{"href":"https:\/\/pawz.rs\/en\/wp-json\/wp\/v2\/media?parent=9140"}],"wp:term":[{"taxonomy":"pwb-brand","embeddable":true,"href":"https:\/\/pawz.rs\/en\/wp-json\/wp\/v2\/pwb-brand?post=9140"},{"taxonomy":"product_cat","embeddable":true,"href":"https:\/\/pawz.rs\/en\/wp-json\/wp\/v2\/product_cat?post=9140"},{"taxonomy":"product_tag","embeddable":true,"href":"https:\/\/pawz.rs\/en\/wp-json\/wp\/v2\/product_tag?post=9140"}],"curies":[{"name":"wp","href":"https:\/\/api.w.org\/{rel}","templated":true}]}}