{"id":9145,"date":"2023-03-17T20:16:00","date_gmt":"2023-03-17T19:16:00","guid":{"rendered":"https:\/\/pawz.rs\/?post_type=product&#038;p=9145"},"modified":"2026-02-01T12:31:29","modified_gmt":"2026-02-01T11:31:29","slug":"versele-laga-opti-life-sterilised-light-medium-maxi","status":"publish","type":"product","link":"https:\/\/pawz.rs\/en\/versele-laga-opti-life-sterilised-light-medium-maxi\/","title":{"rendered":"Versele-Laga Opti Life Sterilised\/Light Medium\/Maxi 12.5 kg"},"content":{"rendered":"<p><strong>Versele-Laga Opti Life Sterilised\/Light Medium\/Maxi 12.5 kg<\/strong><\/p>\n<p><strong>Opti Life Adult Sterilised\/Light Medium\/Maxi <\/strong>je perfektno izbalansirana formula hrane bazirana na piletini i pirin\u010du, specijalno razvijena da zadovolji sve nutritivne potrebe odraslih pasa srednjih i velikih rasa koji imaju vi\u0161e od 10kg telesne te\u017eine, sklonih gojenju ili nakon sterilizacije\/kastracije.<\/p>\n<p><strong>Opti Life\u00a0<\/strong><strong>Sterilised\/Light Medium\/Maxi<\/strong><strong>\u00a0<\/strong>pru\u017ea Va\u0161em psu sve neophodne hranljive materije za optimalno zdravlje i kondiciju<\/p>\n<ul>\n<li>Jedinstvena formula bez glutena ( ne sadr\u017ei p\u0161enicu i kukuruz \u0161to smanjuje rizik od pojave alergije na gluten ), sa 82% proteina \u017eivotinjskog porekla koja obezbe\u0111uje laku probavu i optimalnu gustinu stolice<\/li>\n<li>Dodatni udeo vlakana kao i L-karnitin kao prirodni sagoreva\u010d masti, poma\u017eu u kontroli telesne te\u017eine<\/li>\n<li>Neophodno je pru\u017eiti kvalitetan i aktivan \u017eivot Va\u0161em ljubimcu i za\u0161tititi njegovo srce i kardio-vaskularni sistem. Zato smo dodali taurin u ovu hranu<\/li>\n<li>Veli\u010dina granule od 12 milimetara je prilago\u0111ena zubalu srednjih i velikih rasa pasa, obezbe\u0111uje dobru oralnu higijenu a u kombinaciji sa ukusnom formulom Va\u0161 pas \u0107e vrlo rado jesti ovu hranu<\/li>\n<\/ul>\n<p><strong>Sastav:<\/strong>\u00a027% dehidrirana piletina, 27% pirina\u010d, pirin\u010dano bra\u0161no, \u017eivotinjska mast,\u00a0 losos, seme lana, vlakna iz povr\u0107a, pivski kvasac, lososovo ulje, minerali, su\u0161ena cela jaja, FOS, MOS, lecitin, morske alge (\u00a0\u00a0Ascophyllum nodosum ), ruzmarin, neven, zeleni \u010daj<\/p>\n<p><strong>Analytical composition:<\/strong>\u00a0proteini 24%, masti 9%, sirova vlakna 4%, sirovi pepeo 6,5%, kalcijum 1%, fosfor 0,7%<\/p>\n<p>Serve food in dry form with available fresh water.<br \/>\nFor your pet&#039;s health, consult a veterinarian regularly.<\/p>\n<p>Store the product in a dry, dark and cool place.<\/p>\n<p>Proizvo\u0111a\u010d: Versele-Laga<br \/>\nZemlja porekla: Belgija (EU)<\/p>\n\n    <div class=\"xs_social_share_widget xs_share_url after_content \t\tmain_content  wslu-style-1 wslu-share-box-shaped wslu-fill-colored wslu-none wslu-share-horizontal wslu-theme-font-no wslu-main_content\">\n\n\t\t\n        <ul>\n\t\t\t        <\/ul>\n    <\/div>","protected":false},"excerpt":{"rendered":"<p>Opti Life Adult Sterilised\/Light za srednje i velike rase je perfektno izbalansirana formula hrane bazirana na piletini i pirin\u010du<\/p>","protected":false},"featured_media":9146,"comment_status":"open","ping_status":"closed","template":"","meta":{"_acf_changed":false},"pwb-brand":[],"product_cat":[47,48,49],"product_tag":[209],"class_list":{"0":"post-9145","1":"product","2":"type-product","3":"status-publish","4":"has-post-thumbnail","6":"product_cat-psi","7":"product_cat-hrana-za-pse","8":"product_cat-granule-za-pse","9":"product_tag-bez-glutena","11":"first","12":"instock","13":"taxable","14":"shipping-taxable","15":"purchasable","16":"product-type-simple"},"acf":[],"brands":[],"_links":{"self":[{"href":"https:\/\/pawz.rs\/en\/wp-json\/wp\/v2\/product\/9145","targetHints":{"allow":["GET"]}}],"collection":[{"href":"https:\/\/pawz.rs\/en\/wp-json\/wp\/v2\/product"}],"about":[{"href":"https:\/\/pawz.rs\/en\/wp-json\/wp\/v2\/types\/product"}],"replies":[{"embeddable":true,"href":"https:\/\/pawz.rs\/en\/wp-json\/wp\/v2\/comments?post=9145"}],"wp:featuredmedia":[{"embeddable":true,"href":"https:\/\/pawz.rs\/en\/wp-json\/wp\/v2\/media\/9146"}],"wp:attachment":[{"href":"https:\/\/pawz.rs\/en\/wp-json\/wp\/v2\/media?parent=9145"}],"wp:term":[{"taxonomy":"pwb-brand","embeddable":true,"href":"https:\/\/pawz.rs\/en\/wp-json\/wp\/v2\/pwb-brand?post=9145"},{"taxonomy":"product_cat","embeddable":true,"href":"https:\/\/pawz.rs\/en\/wp-json\/wp\/v2\/product_cat?post=9145"},{"taxonomy":"product_tag","embeddable":true,"href":"https:\/\/pawz.rs\/en\/wp-json\/wp\/v2\/product_tag?post=9145"}],"curies":[{"name":"wp","href":"https:\/\/api.w.org\/{rel}","templated":true}]}}