{"id":9151,"date":"2023-03-17T20:24:44","date_gmt":"2023-03-17T19:24:44","guid":{"rendered":"https:\/\/pawz.rs\/?post_type=product&#038;p=9151"},"modified":"2024-08-12T17:45:19","modified_gmt":"2024-08-12T15:45:19","slug":"versele-laga-opti-life-kitten-chicken","status":"publish","type":"product","link":"https:\/\/pawz.rs\/en\/versele-laga-opti-life-kitten-chicken\/","title":{"rendered":"Versele-Laga Opti Life Kitten Chicken 1 kg"},"content":{"rendered":"<p><strong>Versele-Laga Opti Life Kitten Chicken 1 kg<\/strong><\/p>\n<p>Ova hrana je posebno napravljena kako bi odr\u017evavala organizam Va\u0161eg ma\u010deta u optimalnoj formi i podr\u017eala njegov optimalan rast i razvoj<\/p>\n<ul>\n<li>Jedinstvena formula, potpuno u skladu sa nutritivnim potrebama Va\u0161eg ma\u010deta: nizak udeo ugljenih hidrata, bez \u017eitarica i sa 89% proteina \u017eivotinjskog porekla<\/li>\n<li>Formula se zasniva na 40% proteina, 20% masti, svim neophodnim nutrientima i dodatim taurinom<\/li>\n<li>Podr\u017eava optimalan rast i razvoj ma\u010di\u0107a, potpoma\u017ee imunitet ( zahvaljuju\u0107i antioksidansima ) i funkcionisanje intestinalnog trakta ( dodati FOS i MOS )<\/li>\n<\/ul>\n<p><strong>OPTI GROWTH<br \/>\n<\/strong>Nutritivni sastav Optli Life Kitten-a potpoma\u017ee razvoj skeleta, mozga i vida Va\u0161eg ma\u010deta zahvaljuju\u0107i kalcijumu, fosforu i lososovom ulju ( kao prirodnom izvoru Omega3 masnih kiselina, EPA i DHA ) i taurinu.<\/p>\n<p><strong>OPTI DIGEST+<br \/>\n<\/strong>Zdrava intestinalna flora je osnova optimalnog varenja. Zahvaljuju\u0107i sastojcima koji se lako vare i dodatku dijetetskih vlakana i prebiotika ( FOS 0,5%, MOS 0,1% ) obezbe\u0111ena je zdrava intestinalna flora.<\/p>\n<p><strong>OPTI HEART<br \/>\n<\/strong>Dodati taurin obezbe\u0111uje podr\u0161ku radu srca.<\/p>\n<p><strong>Saveti:<\/strong><\/p>\n<ul>\n<li>\u00a0Va\u0161em ma\u010detu uvek mora biti dostupna sve\u017ea pija\u0107a voda<\/li>\n<li>\u00a0Posuda sa posipom mora biti najmanje 2 metra udaljena od posude sa vodom<\/li>\n<li>\u00a0Igranje sa Va\u0161im ma\u010detom oja\u010dava me\u0111usobnu vezu i poma\u017ee da ga bolje upoznate<\/li>\n<\/ul>\n<p><strong>Sastav:<\/strong>\u00a0Dehidrirana piletina 49% ( ukupan sastav proteina \u017eivotinjskog porekla je 89% ), gra\u0161ak, vlakna povr\u0107a ( celuloza 2,5%, pulpa cvekle 1% ), hidrolizovani \u017eivotinjski proteini, losos, lososovo ulje ( 1% ), pivski kvasac, minerali (FOS 0,5% ), su\u0161ena cela jaja,MOS 0,1%, morske alge (Ascophyllum nodosum), Juka 250mg\/kg, ruzmarin 14mg\/kg, zeleni \u010daj 10mg\/kg.<\/p>\n<p><strong>Analytical composition:\u00a0<\/strong>proteini 40% ( *89% proteina \u017eivotinjskog porekla u ukupnom sastavu ), masti 20%, sirovi pepeo 8,5%, sirova vlakna 2,5%, kalcijum 1,2%, fosfor 1%, magnezijum 1,8%, taurin 3300mg\/kg<\/p>\n<p>Serve food in dry form with available fresh water.<br \/>\nFor your pet&#039;s health, consult a veterinarian regularly.<\/p>\n<p>Store the product in a dry, dark and cool place.<\/p>\n<p>Proizvo\u0111a\u010d: Versele-Laga<br \/>\nZemlja porekla: Belgija (EU)<\/p>\n\n    <div class=\"xs_social_share_widget xs_share_url after_content \t\tmain_content  wslu-style-1 wslu-share-box-shaped wslu-fill-colored wslu-none wslu-share-horizontal wslu-theme-font-no wslu-main_content\">\n\n\t\t\n        <ul>\n\t\t\t        <\/ul>\n    <\/div>","protected":false},"excerpt":{"rendered":"<p>Opti Life Kitten Piletina je posebno napravljena kako bi odr\u017evavala organizam Va\u0161eg ma\u010deta u optimalnoj formi i podr\u017eala njegov optimalan rast i razvoj<\/p>","protected":false},"featured_media":8150,"comment_status":"open","ping_status":"closed","template":"","meta":{"_acf_changed":false},"pwb-brand":[318,319],"product_cat":[149,23,21],"product_tag":[209],"class_list":{"0":"post-9151","1":"product","2":"type-product","3":"status-publish","4":"has-post-thumbnail","6":"pwb-brand-versele-laga","7":"pwb-brand-versele-laga-hrana-za-macke","8":"product_cat-granule-za-macke","9":"product_cat-macke","10":"product_cat-hrana-za-macke","11":"product_tag-bez-glutena","13":"first","14":"instock","15":"taxable","16":"shipping-taxable","17":"purchasable","18":"product-type-simple"},"acf":[],"brands":[{"id":318,"name":"Versele-Laga","slug":"versele-laga"},{"id":319,"name":"Versele-Laga Cat Food","slug":"versele-laga-hrana-za-macke"}],"_links":{"self":[{"href":"https:\/\/pawz.rs\/en\/wp-json\/wp\/v2\/product\/9151","targetHints":{"allow":["GET"]}}],"collection":[{"href":"https:\/\/pawz.rs\/en\/wp-json\/wp\/v2\/product"}],"about":[{"href":"https:\/\/pawz.rs\/en\/wp-json\/wp\/v2\/types\/product"}],"replies":[{"embeddable":true,"href":"https:\/\/pawz.rs\/en\/wp-json\/wp\/v2\/comments?post=9151"}],"wp:featuredmedia":[{"embeddable":true,"href":"https:\/\/pawz.rs\/en\/wp-json\/wp\/v2\/media\/8150"}],"wp:attachment":[{"href":"https:\/\/pawz.rs\/en\/wp-json\/wp\/v2\/media?parent=9151"}],"wp:term":[{"taxonomy":"pwb-brand","embeddable":true,"href":"https:\/\/pawz.rs\/en\/wp-json\/wp\/v2\/pwb-brand?post=9151"},{"taxonomy":"product_cat","embeddable":true,"href":"https:\/\/pawz.rs\/en\/wp-json\/wp\/v2\/product_cat?post=9151"},{"taxonomy":"product_tag","embeddable":true,"href":"https:\/\/pawz.rs\/en\/wp-json\/wp\/v2\/product_tag?post=9151"}],"curies":[{"name":"wp","href":"https:\/\/api.w.org\/{rel}","templated":true}]}}