{"id":9154,"date":"2023-03-17T20:27:24","date_gmt":"2023-03-17T19:27:24","guid":{"rendered":"https:\/\/pawz.rs\/?post_type=product&#038;p=9154"},"modified":"2024-08-12T17:45:15","modified_gmt":"2024-08-12T15:45:15","slug":"versele-laga-opti-life-cat-senior-chicken","status":"publish","type":"product","link":"https:\/\/pawz.rs\/en\/versele-laga-opti-life-cat-senior-chicken\/","title":{"rendered":"Versele-Laga Opti Life Cat Senior Chicken 1 kg"},"content":{"rendered":"<p><strong>Versele-Laga Opti Life Cat Senior Chicken 1 kg<\/strong><\/p>\n<p>Ova hrana je posebno napravljena kako bi odr\u017eavala organizam Va\u0161e ma\u010dke starije \u017eivotne dobi u optimalnoj formi.<\/p>\n<ul>\n<li>Jedinstvena formula, potpuno u skladu sa nutritivnim potrebama Va\u0161e ma\u010dke starije \u017eivotne dobi: nizak udeo ugljenih hidrata, bez \u017eitarica i sa 87% proteina \u017eivotinjskog porekla<\/li>\n<li>Formula se zasniva na 38% proteina, 17% masti, svim neophodnim nutrientima i dodatim taurinom<\/li>\n<li>Zahvaljuju\u0107i antioksidansima potpoma\u017ee imunitet a njen sastav dodatno \u0161titi \u0107elije od starenja<\/li>\n<\/ul>\n<p><strong>OPTI AGENING<br \/>\n<\/strong>Za Va\u0161u ma\u010dku starije \u017eivotne dobi najva\u017enije je odr\u017eavanje optimalne telesne te\u017eine i pokretljivosti zglobova. Piletina, kao osnovni sastojak ove hrane je prirodni izvor hondrotoin, dok smo sam sastav obogatili glukozaminom. Hondrotoin i glukozamin omogu\u0107avaju gipkost zglobova i zdravu hrskavicu. Sa 17% masti u sastavu ova hrana obezbe\u017euje optimalnu telesnu te\u017einu Va\u0161e ma\u010dke.<\/p>\n<p><strong>OPTI DIGEST<br \/>\n<\/strong>Zdrava intestinalna flora je osnova optimalnog varenja. Zahvaljuju\u0107i sastojcima koji se lako vare i dodatku dijetetskih vlakana i prebiotika ( FOS 0,3%, MOS 0,1% ) obezbe\u0111ena je zdrava intestinalna flora.<\/p>\n<p><strong>OPTI HEART<br \/>\n<\/strong>Dodati taurin obezbe\u0111uje podr\u0161ku radu srca.<\/p>\n<p><strong>Saveti:<\/strong><\/p>\n<ul>\n<li>Kako je Va\u0161a ma\u010dka sad u\u0161la u stariju \u017eivotnu dob neophodno je odr\u017eavati njenu optimalnu telesnu te\u017einu iz razloga \u0161to vi\u0161ak telesne mase optere\u0107uje zglobove i srce<\/li>\n<li>Sve\u017ea pija\u0107a voda mora biti uvek dostupna ma\u010dki<\/li>\n<li>Posebnu pa\u017enju treba obratiti na hroni\u010dne bolesti bubregadijabetes i poja\u010danu funkciju tiroidne \u017elezde. To su tipi\u010dne bolesti povezane sa starijom \u017eivotnom dobi od kojih ma\u010dke ponekad\u00a0 \u00a0mogu patiti mesecima a da simptomi pro\u0111u nezapa\u017eeno<\/li>\n<\/ul>\n<p><strong>Sastav:<\/strong>\u00a0Dehidrirana piletina 45%, krompir, \u017eivotinjska mast, gra\u0161ak, vlakna povr\u0107a ( celuloza 5,5%, pulpa cvekle 2,5% ), hidrolizovani \u017eivotinjski proteini, losos, lososovo ulje, pivski kvasac, minerali, su\u0161ena cela jaja, FOS 0,3%, MOS 0,1%, glukozamin 500mg\/kg, Juka 250mg\/kg, ruzmarin 14mg\/kg, zeleni \u010daj 10mg\/kg.<\/p>\n<p><strong>Analytical composition:\u00a0<\/strong>proteini 38% ( *87% proteina \u017eivotinjskog porekla u ukupnom sastavu ), masti 17%, sirovi pepeo 7,5%, sirova vlakna 5%, kalcijum 1,2%, fosfor 1%, taurin 4300mg\/kg<\/p>\n<p>Serve food in dry form with available fresh water.<br \/>\nFor your pet&#039;s health, consult a veterinarian regularly.<\/p>\n<p>Store the product in a dry, dark and cool place.<\/p>\n<p>Proizvo\u0111a\u010d: Versele-Laga<br \/>\nZemlja porekla: Belgija (EU)<\/p>\n\n    <div class=\"xs_social_share_widget xs_share_url after_content \t\tmain_content  wslu-style-1 wslu-share-box-shaped wslu-fill-colored wslu-none wslu-share-horizontal wslu-theme-font-no wslu-main_content\">\n\n\t\t\n        <ul>\n\t\t\t        <\/ul>\n    <\/div>","protected":false},"excerpt":{"rendered":"<p>Opti Life Cat Senior Piletina je posebno napravljena kako bi odr\u017eavala organizam Va\u0161e ma\u010dke starije \u017eivotne dobi u optimalnoj formi.<\/p>","protected":false},"featured_media":8149,"comment_status":"open","ping_status":"closed","template":"","meta":{"_acf_changed":false},"pwb-brand":[318,319],"product_cat":[149,23,21],"product_tag":[208],"class_list":{"0":"post-9154","1":"product","2":"type-product","3":"status-publish","4":"has-post-thumbnail","6":"pwb-brand-versele-laga","7":"pwb-brand-versele-laga-hrana-za-macke","8":"product_cat-granule-za-macke","9":"product_cat-macke","10":"product_cat-hrana-za-macke","11":"product_tag-bez-zitarica","13":"first","14":"instock","15":"taxable","16":"shipping-taxable","17":"purchasable","18":"product-type-simple"},"acf":[],"brands":[{"id":318,"name":"Versele-Laga","slug":"versele-laga"},{"id":319,"name":"Versele-Laga Cat Food","slug":"versele-laga-hrana-za-macke"}],"_links":{"self":[{"href":"https:\/\/pawz.rs\/en\/wp-json\/wp\/v2\/product\/9154","targetHints":{"allow":["GET"]}}],"collection":[{"href":"https:\/\/pawz.rs\/en\/wp-json\/wp\/v2\/product"}],"about":[{"href":"https:\/\/pawz.rs\/en\/wp-json\/wp\/v2\/types\/product"}],"replies":[{"embeddable":true,"href":"https:\/\/pawz.rs\/en\/wp-json\/wp\/v2\/comments?post=9154"}],"wp:featuredmedia":[{"embeddable":true,"href":"https:\/\/pawz.rs\/en\/wp-json\/wp\/v2\/media\/8149"}],"wp:attachment":[{"href":"https:\/\/pawz.rs\/en\/wp-json\/wp\/v2\/media?parent=9154"}],"wp:term":[{"taxonomy":"pwb-brand","embeddable":true,"href":"https:\/\/pawz.rs\/en\/wp-json\/wp\/v2\/pwb-brand?post=9154"},{"taxonomy":"product_cat","embeddable":true,"href":"https:\/\/pawz.rs\/en\/wp-json\/wp\/v2\/product_cat?post=9154"},{"taxonomy":"product_tag","embeddable":true,"href":"https:\/\/pawz.rs\/en\/wp-json\/wp\/v2\/product_tag?post=9154"}],"curies":[{"name":"wp","href":"https:\/\/api.w.org\/{rel}","templated":true}]}}