{"id":9156,"date":"2023-03-17T20:31:06","date_gmt":"2023-03-17T19:31:06","guid":{"rendered":"https:\/\/pawz.rs\/?post_type=product&#038;p=9156"},"modified":"2026-02-01T16:03:43","modified_gmt":"2026-02-01T15:03:43","slug":"versele-laga-opti-life-cat-adult-sensitive-salmon","status":"publish","type":"product","link":"https:\/\/pawz.rs\/en\/versele-laga-opti-life-cat-adult-sensitive-salmon\/","title":{"rendered":"Versele-Laga Opti Life Cat Adult Sensitive Salmon"},"content":{"rendered":"<p><strong>Versele-Laga Opti Life Cat Adult Sensitive Salmon <\/strong><\/p>\n<p>Kompletna, izbalansirana hrana bez \u017eitarica, sa niskim udelom ugljenih hidrata i sa lososom namenjena ishrani odraslih ma\u010daka osetljive ko\u017ee i digestivnog trakta.<\/p>\n<ul>\n<li>Jedinstvena formula, potpuno u skladu sa nutritivnim potrebama ma\u010daka sa osetljivim digestivnim traktom koja obezbe\u0111uje zdravu i sjajnu dlaku: puna lososa, nizak udeo ugljenih hidrata, bez \u017eitarica i sa 80% proteina \u017eivotinjskog porekla<\/li>\n<li>Formula se zasniva na 39% proteina, 20% masti, svim neophodnim nutrientima i dodatim taurinom<\/li>\n<li>Ukusna hrana koju \u0107e jesti i najizbirljivije ma\u010dke<\/li>\n<\/ul>\n<p><strong>OPTI COAT<br \/>\n<\/strong>Zahvaljuju\u0107i lososu i dodatku lososovog ulja ova hrana je bogata Omega3 i Omega6 masnim kiselinama koje \u010dine dlaku Va\u0161e ma\u010dke zdravom i daju joj visoki sjaj.Ova hrana tako\u0111e sadr\u017ei i biotin i lako svarljivi cink i bakar koji tako\u0111e doprinose zdravlju i sjaju dlake.<\/p>\n<p><strong>OPTI DIGEST<br \/>\n<\/strong>Zdrava intestinalna flora je osnova optimalnog varenja. Zahvaljuju\u0107i sastojcima koji se lako vare i dodatku dijetetskih vlakana i prebiotika ( FOS 0,3%, MOS 0,1% ) obezbe\u0111ena je zdrava intestinalna flora.<\/p>\n<p><strong>OPTI HEART<br \/>\n<\/strong>Dodati taurin obezbe\u0111uje podr\u0161ku radu srca.<\/p>\n<p><strong>Saveti:<\/strong><\/p>\n<ul>\n<li>Va\u0161oj ma\u010dki uvek mora biti dostupna sve\u017ea pija\u0107a voda; Posuda za vodu mora biti udaljena najmanje 2 metra od posude za posip<\/li>\n<li>Redovno \u010detkajte Va\u0161u ma\u010dku duge dlake<\/li>\n<li>Recept koji sadr\u017ei losos kao jedini izvor proteina \u017eivotinjskog porekla smanjuje rizik od razli\u010ditih alergijskih reakcija i intolerancija na hranu<\/li>\n<\/ul>\n<p><strong>Sastav:<\/strong>\u00a0Dehidrirani losos 41%, krompir, \u017eivotinjska mast, gra\u0161ak, vlakna povr\u0107a ( celuloza 2,5%, pulpa cvekle 1% ), seme lana ( 3% ), hidrolizovani \u017eivotinjski proteini, lososovo ulje, pivski kvasac, minerali, su\u0161ena cela jaja, FOS 0,3%, MOS 0,1%, morske alge (Ascophyllum nodosum), Juka 250mg\/kg, ruzmarin 14mg\/kg, zeleni \u010daj 10mg\/kg.<\/p>\n<p><strong>Analytical composition:\u00a0<\/strong>proteini 39% ( *80% proteina \u017eivotinjskog porekla u ukupnom sastavu ), masti 20%, sirovi pepeo 8,5%, sirova vlakna 3%, kalcijum 1%, fosfor 1%, taurin 3700mg\/kg, biotin 1mg<\/p>\n<p>Serve food in dry form with available fresh water.<br \/>\nFor your pet&#039;s health, consult a veterinarian regularly.<\/p>\n<p>Store the product in a dry, dark and cool place.<\/p>\n<p>Proizvo\u0111a\u010d: Versele-Laga<br \/>\nZemlja porekla: Belgija (EU)<\/p>\n\n    <div class=\"xs_social_share_widget xs_share_url after_content \t\tmain_content  wslu-style-1 wslu-share-box-shaped wslu-fill-colored wslu-none wslu-share-horizontal wslu-theme-font-no wslu-main_content\">\n\n\t\t\n        <ul>\n\t\t\t        <\/ul>\n    <\/div>","protected":false},"excerpt":{"rendered":"<p>Opti Life Cat Adult Sensitive Losos je savr\u0161eno nutritivno izbalansirana formula bazirana na lososu, niskom udelu ugljenih hirdata, i bez \u017eitarica.<\/p>","protected":false},"featured_media":8152,"comment_status":"open","ping_status":"closed","template":"","meta":{"_acf_changed":false},"pwb-brand":[318,319],"product_cat":[149,23,21],"product_tag":[208],"class_list":{"0":"post-9156","1":"product","2":"type-product","3":"status-publish","4":"has-post-thumbnail","6":"pwb-brand-versele-laga","7":"pwb-brand-versele-laga-hrana-za-macke","8":"product_cat-granule-za-macke","9":"product_cat-macke","10":"product_cat-hrana-za-macke","11":"product_tag-bez-zitarica","13":"first","14":"instock","15":"taxable","16":"shipping-taxable","17":"purchasable","18":"product-type-variable","19":"has-default-attributes"},"acf":[],"brands":[{"id":318,"name":"Versele-Laga","slug":"versele-laga"},{"id":319,"name":"Versele-Laga Cat Food","slug":"versele-laga-hrana-za-macke"}],"_links":{"self":[{"href":"https:\/\/pawz.rs\/en\/wp-json\/wp\/v2\/product\/9156","targetHints":{"allow":["GET"]}}],"collection":[{"href":"https:\/\/pawz.rs\/en\/wp-json\/wp\/v2\/product"}],"about":[{"href":"https:\/\/pawz.rs\/en\/wp-json\/wp\/v2\/types\/product"}],"replies":[{"embeddable":true,"href":"https:\/\/pawz.rs\/en\/wp-json\/wp\/v2\/comments?post=9156"}],"wp:featuredmedia":[{"embeddable":true,"href":"https:\/\/pawz.rs\/en\/wp-json\/wp\/v2\/media\/8152"}],"wp:attachment":[{"href":"https:\/\/pawz.rs\/en\/wp-json\/wp\/v2\/media?parent=9156"}],"wp:term":[{"taxonomy":"pwb-brand","embeddable":true,"href":"https:\/\/pawz.rs\/en\/wp-json\/wp\/v2\/pwb-brand?post=9156"},{"taxonomy":"product_cat","embeddable":true,"href":"https:\/\/pawz.rs\/en\/wp-json\/wp\/v2\/product_cat?post=9156"},{"taxonomy":"product_tag","embeddable":true,"href":"https:\/\/pawz.rs\/en\/wp-json\/wp\/v2\/product_tag?post=9156"}],"curies":[{"name":"wp","href":"https:\/\/api.w.org\/{rel}","templated":true}]}}