{"id":9157,"date":"2023-03-17T20:34:15","date_gmt":"2023-03-17T19:34:15","guid":{"rendered":"https:\/\/pawz.rs\/?post_type=product&#038;p=9157"},"modified":"2026-02-01T16:03:42","modified_gmt":"2026-02-01T15:03:42","slug":"versele-laga-opti-life-cat-sterilised-chicken","status":"publish","type":"product","link":"https:\/\/pawz.rs\/en\/versele-laga-opti-life-cat-sterilised-chicken\/","title":{"rendered":"Versele-Laga Opti Life Cat Sterilised Light Chicken"},"content":{"rendered":"<p><strong>Versele-Laga Opti Life Cat Sterilised Light Chicken\u00a0<\/strong><\/p>\n<p>Ova hrana je posebno napravljena kako bi odr\u017eavala organizam Va\u0161e sterilisane ma\u010dke i ma\u010dke sa prekomernom telesnom te\u017einom u optimalnoj formi.<\/p>\n<ul>\n<li>Jedinstvena formula, potpuno u skladu sa nutritivnim potrebama Va\u0161e sterilisane ma\u010dke i ma\u010dke sa prekomernom telesnom te\u017einom: nizak udeo ugljenih hidrata, bez \u017eitarica i sa 84%\u00a0 \u00a0proteina \u017eivotinjskog porekla<\/li>\n<li>Formula se zasniva na 40% proteina, 12% masti, svim neophodnim nutrientima i dodatim taurinom<\/li>\n<li>Vi\u0161e vlakana, L-karnitin i smanjeni udeo masti poma\u017ee da se odr\u017ei idealna telesna te\u017eina ma\u010dke<\/li>\n<\/ul>\n<p><strong>HAIRBALL CONTROL<br \/>\n<\/strong>Kombinacija dijetetskih vlakana spre\u010dava formiranje kuglica dlaka u digestivnom traktu<\/p>\n<p><strong>OPTI WEIGHT<br \/>\n<\/strong>Poma\u017ee odr\u017eavanju idealne telesne te\u017eine zahvaljuju\u0107i 40% sirovih proteina, samo 12% sirovih masti, dijetetskim vlaknima i L-karnitinu. L-karnitin igra va\u017enu ulogu u sagorevanju masti \u010dime poma\u017ee Va\u0161oj ma\u010dki da povrati ili dobije idealnu telesnu te\u017einu<\/p>\n<p><strong>OPTI HEART<br \/>\n<\/strong>Dodati taurin obezbe\u0111uje podr\u0161ku radu srca.<\/p>\n<p><strong>Saveti:<\/strong><\/p>\n<ul>\n<li>Va\u0161oj ma\u010dki uvek mora biti dostupna sve\u017ea pija\u0107a voda;<\/li>\n<li>Sterilisane \/ kastrirane ma\u010dke imaju manju potrebu za unosom kalorija; Kako bi se izbeglo nagomilavanje prekomerne telesne te\u017eine ili gojaznost neophodno je hraniti ma\u010dku\u00a0 \u00a0specijalnom hranom i dr\u017eati se preporu\u010denih dnevnih koli\u010dina<\/li>\n<li>Kako ma\u010dke jo\u0161 uvek imaju izra\u017een jak lova\u010dki instinkt one preferiraju da jedu manje koli\u010dine hrane i to na razli\u010ditim mestima stoga se preporu\u010duje davanje 5 manjih porcija u toku dana:\u00a0 \u00a0ovo stimuli\u0161e prirodno pona\u0161anje Va\u0161e ma\u010dke<\/li>\n<\/ul>\n<p><strong>Sastav:<\/strong>\u00a0Dehidrirana piletina 45%, krompir, \u017eivotinjska mast, gra\u0161ak, vlakna povr\u0107a ( celuloza 5,5%, pulpa cvekle 3% ), hidrolizovani \u017eivotinjski proteini, losos, lososovo ulje, pivski kvasac, minerali, su\u0161ena cela jaja, FOS 0,3%, MOS 0,1%, glukozamin 500mg\/kg, Juka 250mg\/kg, ruzmarin 14mg\/kg, zeleni \u010daj 10mg\/kg.<\/p>\n<p><strong>Analytical composition:\u00a0<\/strong>proteini 40% ( 84% proteina \u017eivotinjskog porekla u ukupnom sastavu ), masti 12%, sirovi pepeo 8,5%, sirova vlakna 5%, kalcijum 1,2%, fosfor 1%, taurin 4400mg\/kg<\/p>\n<p>Serve food in dry form with available fresh water.<br \/>\nFor your pet&#039;s health, consult a veterinarian regularly.<\/p>\n<p>Store the product in a dry, dark and cool place.<\/p>\n<p>Proizvo\u0111a\u010d: Versele-Laga<br \/>\nZemlja porekla: Belgija (EU)<\/p>\n\n    <div class=\"xs_social_share_widget xs_share_url after_content \t\tmain_content  wslu-style-1 wslu-share-box-shaped wslu-fill-colored wslu-none wslu-share-horizontal wslu-theme-font-no wslu-main_content\">\n\n\t\t\n        <ul>\n\t\t\t        <\/ul>\n    <\/div>","protected":false},"excerpt":{"rendered":"<p>Opti Life Cat Sterilised Piletina je posebno napravljena kako bi odr\u017eavala organizam Va\u0161e sterilisane ma\u010dke i ma\u010dke sa prekomernom telesnom te\u017einom u optimalnoj formi.<\/p>","protected":false},"featured_media":8154,"comment_status":"open","ping_status":"closed","template":"","meta":{"_acf_changed":false},"pwb-brand":[318,319],"product_cat":[149,23,21],"product_tag":[209],"class_list":{"0":"post-9157","1":"product","2":"type-product","3":"status-publish","4":"has-post-thumbnail","6":"pwb-brand-versele-laga","7":"pwb-brand-versele-laga-hrana-za-macke","8":"product_cat-granule-za-macke","9":"product_cat-macke","10":"product_cat-hrana-za-macke","11":"product_tag-bez-glutena","13":"first","14":"instock","15":"taxable","16":"shipping-taxable","17":"purchasable","18":"product-type-variable","19":"has-default-attributes"},"acf":[],"brands":[{"id":318,"name":"Versele-Laga","slug":"versele-laga"},{"id":319,"name":"Versele-Laga Cat Food","slug":"versele-laga-hrana-za-macke"}],"_links":{"self":[{"href":"https:\/\/pawz.rs\/en\/wp-json\/wp\/v2\/product\/9157","targetHints":{"allow":["GET"]}}],"collection":[{"href":"https:\/\/pawz.rs\/en\/wp-json\/wp\/v2\/product"}],"about":[{"href":"https:\/\/pawz.rs\/en\/wp-json\/wp\/v2\/types\/product"}],"replies":[{"embeddable":true,"href":"https:\/\/pawz.rs\/en\/wp-json\/wp\/v2\/comments?post=9157"}],"wp:featuredmedia":[{"embeddable":true,"href":"https:\/\/pawz.rs\/en\/wp-json\/wp\/v2\/media\/8154"}],"wp:attachment":[{"href":"https:\/\/pawz.rs\/en\/wp-json\/wp\/v2\/media?parent=9157"}],"wp:term":[{"taxonomy":"pwb-brand","embeddable":true,"href":"https:\/\/pawz.rs\/en\/wp-json\/wp\/v2\/pwb-brand?post=9157"},{"taxonomy":"product_cat","embeddable":true,"href":"https:\/\/pawz.rs\/en\/wp-json\/wp\/v2\/product_cat?post=9157"},{"taxonomy":"product_tag","embeddable":true,"href":"https:\/\/pawz.rs\/en\/wp-json\/wp\/v2\/product_tag?post=9157"}],"curies":[{"name":"wp","href":"https:\/\/api.w.org\/{rel}","templated":true}]}}