{"id":9158,"date":"2023-03-17T20:36:59","date_gmt":"2023-03-17T19:36:59","guid":{"rendered":"https:\/\/pawz.rs\/?post_type=product&#038;p=9158"},"modified":"2026-02-01T16:03:42","modified_gmt":"2026-02-01T15:03:42","slug":"versele-laga-opti-life-cat-urinary-chicken","status":"publish","type":"product","link":"https:\/\/pawz.rs\/en\/versele-laga-opti-life-cat-urinary-chicken\/","title":{"rendered":"Versele-Laga Opti Life Cat Urinary Chicken 1 kg"},"content":{"rendered":"<p><strong>Versele-Laga Opti Life Cat Urinary Chicken 1 kg<\/strong><\/p>\n<p>Ova hrana je posebno napravljena kako bi odr\u017eavala urinarni trakt Va\u0161e ma\u010dke u optimalnom stanju<\/p>\n<ul>\n<li>Jedinstvena formula, potpuno u skladu sa nutritivnim potrebama Va\u0161e ma\u010dke sa osetljivim urinarnim traktom: nizak udeo ugljenih hidrata, bez \u017eitarica i sa 77% proteina \u017eivotinjskog\u00a0 \u00a0porekla<\/li>\n<li>Formula se zasniva na 35% proteina, 20% masti, svim neophodnim nutrientima i dodatim taurinom<\/li>\n<li>Potpoma\u017ee zdravlje urinarnog trakta zahvalju\u0107i Opti pH<\/li>\n<\/ul>\n<p><strong>OPTI PH<br \/>\n<\/strong>Potpoma\u017ee zdravlje urinarnog trakta zahvaljuju\u0107i optimalnom sastavu fosfora, brusnicama i pove\u0107anom sastavu vitamina C<\/p>\n<p><strong>OPTI DIGEST<br \/>\n<\/strong>Zdrava intestinalna flora je osnova optimalnog varenja. Zahvaljuju\u0107i sastojcima koji se lako vare i dodatku dijetetskih vlakana i prebiotika ( FOS 0,3%, MOS 0,1% ) obezbe\u0111ena je zdrava intestinalna flora.<\/p>\n<p><strong>OPTI HEART<br \/>\n<\/strong>Dodati taurin obezbe\u0111uje podr\u0161ku radu srca.<\/p>\n<p><strong>Saveti:<\/strong><\/p>\n<ul>\n<li>Va\u0161oj ma\u010dki uvek mora biti dostupna sve\u017ea pija\u0107a voda; Posuda za vodu mora biti udaljena od posude za posip minimu 2 metra<\/li>\n<li>Ma\u010dke po prirodi ne vole da piju vodu ali im je isto tako neophodan unos velike koli\u010dine te\u010dnosti; Zato se postarajte da im je uvek dostupna sve\u017ea voda. Poku\u0161ajte da sipate vodu u\u00a0 \u00a0razli\u010dite posudice i da ih postavite na razli\u010dita mesta<\/li>\n<li>Neke ma\u010dke vole da piju teku\u0107u vodu. Ukoliko je to slu\u010daj sa Va\u0161om ma\u010dkom razmislite da joj nabavite fontanu<\/li>\n<\/ul>\n<p><strong>Sastav:<\/strong> Dehidrirana piletina 33%, krompir, \u017eivotinjska mast, gra\u0161ak, vlakna povr\u0107a ( celuloza 2%, pulpa cvekle 2% ), hidrolizovani \u017eivotinjski proteini, losos, lososovo ulje, pivski kvasac, minerali, su\u0161ena cela jaja, FOS 0,3%, MOS 0,1%, brusnica ( 4%), morske alge (Ascophyllum nodosum), Juka 250mg\/kg, ruzmarin 14mg\/kg, zeleni \u010daj 10mg\/kg.<br \/>\n(Su\u0161eno vo\u0107e; % pre su\u0161enja)<\/p>\n<p><strong>Analytical composition:\u00a0<\/strong>proteini 35% ( 77% proteina \u017eivotinjskog porekla u ukupnom sastavu ), masti 20%, sirovi pepeo 9,5%, sirova vlakna 3%, kalcijum 0,8%, fosfor 0,8%, maagnezijum 0,08%, taurin 2950mg\/kg<\/p>\n<p>Serve food in dry form with available fresh water.<br \/>\nFor your pet&#039;s health, consult a veterinarian regularly.<\/p>\n<p>Store the product in a dry, dark and cool place.<\/p>\n<p>Proizvo\u0111a\u010d: Versele-Laga<br \/>\nZemlja porekla: Belgija (EU)<\/p>\n\n    <div class=\"xs_social_share_widget xs_share_url after_content \t\tmain_content  wslu-style-1 wslu-share-box-shaped wslu-fill-colored wslu-none wslu-share-horizontal wslu-theme-font-no wslu-main_content\">\n\n\t\t\n        <ul>\n\t\t\t        <\/ul>\n    <\/div>","protected":false},"excerpt":{"rendered":"<p>Opti Life Cat Urinary Piletina je posebno napravljena kako bi odr\u017eavala urinarni trakt Va\u0161e ma\u010dke u optimalnom stanju<\/p>","protected":false},"featured_media":8148,"comment_status":"open","ping_status":"closed","template":"","meta":{"_acf_changed":false},"pwb-brand":[318,319],"product_cat":[149,23,21],"product_tag":[209],"class_list":{"0":"post-9158","1":"product","2":"type-product","3":"status-publish","4":"has-post-thumbnail","6":"pwb-brand-versele-laga","7":"pwb-brand-versele-laga-hrana-za-macke","8":"product_cat-granule-za-macke","9":"product_cat-macke","10":"product_cat-hrana-za-macke","11":"product_tag-bez-glutena","13":"first","14":"instock","15":"taxable","16":"shipping-taxable","17":"purchasable","18":"product-type-simple"},"acf":[],"brands":[{"id":318,"name":"Versele-Laga","slug":"versele-laga"},{"id":319,"name":"Versele-Laga Cat Food","slug":"versele-laga-hrana-za-macke"}],"_links":{"self":[{"href":"https:\/\/pawz.rs\/en\/wp-json\/wp\/v2\/product\/9158","targetHints":{"allow":["GET"]}}],"collection":[{"href":"https:\/\/pawz.rs\/en\/wp-json\/wp\/v2\/product"}],"about":[{"href":"https:\/\/pawz.rs\/en\/wp-json\/wp\/v2\/types\/product"}],"replies":[{"embeddable":true,"href":"https:\/\/pawz.rs\/en\/wp-json\/wp\/v2\/comments?post=9158"}],"wp:featuredmedia":[{"embeddable":true,"href":"https:\/\/pawz.rs\/en\/wp-json\/wp\/v2\/media\/8148"}],"wp:attachment":[{"href":"https:\/\/pawz.rs\/en\/wp-json\/wp\/v2\/media?parent=9158"}],"wp:term":[{"taxonomy":"pwb-brand","embeddable":true,"href":"https:\/\/pawz.rs\/en\/wp-json\/wp\/v2\/pwb-brand?post=9158"},{"taxonomy":"product_cat","embeddable":true,"href":"https:\/\/pawz.rs\/en\/wp-json\/wp\/v2\/product_cat?post=9158"},{"taxonomy":"product_tag","embeddable":true,"href":"https:\/\/pawz.rs\/en\/wp-json\/wp\/v2\/product_tag?post=9158"}],"curies":[{"name":"wp","href":"https:\/\/api.w.org\/{rel}","templated":true}]}}