{"id":936,"date":"2022-10-26T18:30:20","date_gmt":"2022-10-26T16:30:20","guid":{"rendered":"https:\/\/pawz.rs\/?post_type=product&#038;p=936"},"modified":"2025-12-17T20:07:34","modified_gmt":"2025-12-17T19:07:34","slug":"premil-puppy-maxi","status":"publish","type":"product","link":"https:\/\/pawz.rs\/en\/premil-puppy-maxi\/","title":{"rendered":"Premil Puppy Maxi 12kg"},"content":{"rendered":"<p><strong>Premil Puppy Maxi 12kg<\/strong><\/p>\n<p>Posebno formulisana hrana za \u0161tenad velikih rasa u uzrastu od 5 nedelja starosti. Koristi se po prestanku kori\u0161\u0107enja hrane G2. Sadr\u017ei jedinstvenu kombinaciju lekovitog bilja i biljnih ekstrakata sa ciljem optimalnog razvoja digestivnog trakta, o\u010duvanja i poja\u010danja imuniteta kod \u0161tenadi velikih rasa.<\/p>\n<p><strong>Sastav:<\/strong> dehidrirana \u0107uretina, pa\u010detina i tuna 30%, pirina\u010d 22%, pile\u0107a mast, hladno ce\u0111ena biljna ulja, riblje ulje, laneno seme 3%, repin rezanac, hidrolizovana jetra, pivski kvasac, me\u0161avina lekovitih biljaka 2%, inulin (ekstrakt cikorije), taurin, hondroitin i glukozamin.<\/p>\n<p>Serve food in dry form with available fresh water.<br \/>\nFor your pet&#039;s health, consult a veterinarian regularly.<\/p>\n<p>Store the product in a dry, dark and cool place.<\/p>\n<p>Proizvo\u0111a\u010d: Premil, Kovin, Srbija<br \/>\nZemlja porekla: Srbija<\/p>\n\n    <div class=\"xs_social_share_widget xs_share_url after_content \t\tmain_content  wslu-style-1 wslu-share-box-shaped wslu-fill-colored wslu-none wslu-share-horizontal wslu-theme-font-no wslu-main_content\">\n\n\t\t\n        <ul>\n\t\t\t        <\/ul>\n    <\/div>","protected":false},"excerpt":{"rendered":"<p>Premil Puppy Maxi &#8211; Za \u0161tenad velikih rasa<\/p>","protected":false},"featured_media":937,"comment_status":"open","ping_status":"closed","template":"","meta":{"_acf_changed":false},"pwb-brand":[324,326],"product_cat":[49,47,48],"product_tag":[208,1237],"class_list":{"0":"post-936","1":"product","2":"type-product","3":"status-publish","4":"has-post-thumbnail","6":"pwb-brand-premil","7":"pwb-brand-premil-hrana-za-pse","8":"product_cat-granule-za-pse","9":"product_cat-psi","10":"product_cat-hrana-za-pse","11":"product_tag-bez-zitarica","12":"product_tag-bump-psi","14":"first","15":"instock","16":"taxable","17":"shipping-taxable","18":"purchasable","19":"product-type-simple"},"acf":[],"brands":[{"id":324,"name":"Premil","slug":"premil"},{"id":326,"name":"Premil Dog Food","slug":"premil-hrana-za-pse"}],"_links":{"self":[{"href":"https:\/\/pawz.rs\/en\/wp-json\/wp\/v2\/product\/936","targetHints":{"allow":["GET"]}}],"collection":[{"href":"https:\/\/pawz.rs\/en\/wp-json\/wp\/v2\/product"}],"about":[{"href":"https:\/\/pawz.rs\/en\/wp-json\/wp\/v2\/types\/product"}],"replies":[{"embeddable":true,"href":"https:\/\/pawz.rs\/en\/wp-json\/wp\/v2\/comments?post=936"}],"wp:featuredmedia":[{"embeddable":true,"href":"https:\/\/pawz.rs\/en\/wp-json\/wp\/v2\/media\/937"}],"wp:attachment":[{"href":"https:\/\/pawz.rs\/en\/wp-json\/wp\/v2\/media?parent=936"}],"wp:term":[{"taxonomy":"pwb-brand","embeddable":true,"href":"https:\/\/pawz.rs\/en\/wp-json\/wp\/v2\/pwb-brand?post=936"},{"taxonomy":"product_cat","embeddable":true,"href":"https:\/\/pawz.rs\/en\/wp-json\/wp\/v2\/product_cat?post=936"},{"taxonomy":"product_tag","embeddable":true,"href":"https:\/\/pawz.rs\/en\/wp-json\/wp\/v2\/product_tag?post=936"}],"curies":[{"name":"wp","href":"https:\/\/api.w.org\/{rel}","templated":true}]}}