{"id":9864,"date":"2023-03-18T17:31:01","date_gmt":"2023-03-18T16:31:01","guid":{"rendered":"https:\/\/pawz.rs\/?post_type=product&#038;p=9864"},"modified":"2026-02-01T12:57:26","modified_gmt":"2026-02-01T11:57:26","slug":"oropharma-pet-milk","status":"publish","type":"product","link":"https:\/\/pawz.rs\/en\/oropharma-pet-milk\/","title":{"rendered":"Oropharma Pet Milk 400g"},"content":{"rendered":"<p><strong>Oropharma Pet Milk<\/strong><\/p>\n<p><strong>Zamensko mleko namenjeno \u0161tencima, ma\u010di\u0107ima i ostalim mesojedima<\/strong><\/p>\n<p>Oropharma Pet Milk se koristi kada majke nemaju dovoljno mleka ili kada je i njima samima potrebno vi\u0161e nutrienata. Sadr\u017ei lako svarljive mle\u010dne proizvode i oboga\u0107eno je esencijalnim Omega 3 masnim kiselinama i taurinom.<\/p>\n<ul>\n<li>Sadr\u017ei sve neophodne nutriente neophodne za rast i razvoj \u0161tenaca, ma\u010di\u0107a i drugih mesojeda tokom perioda sisanja<\/li>\n<li>Omega 3 masne kiseline poma\u017eu u oja\u010davanju imuniteta<\/li>\n<li>Taurin je neophodan za pravilan razvoj \u0161tenaca, ma\u010di\u0107a i drugih mesojeda<\/li>\n<\/ul>\n<p><strong>Uputstvo za upotrebu:<\/strong><\/p>\n<ul>\n<li>Pome\u0161ajte 5 merica Pet Milk-a ( 20 grama ) sa 100ml mlake vode telesne temperature ( do 38C )<\/li>\n<li>Preporu\u010duje se da se \u0161tenci, ma\u010di\u0107i i drugi mesojedi hrane na fla\u0161icu prve 2 nedelje a da se posle toga u\u010de da mleko piju iz posude ( uvek oprati posudu posle upotrebe )<\/li>\n<li>Ukoliko maj\u010din organizam ne proizvodi dovoljno mleka, Pet Milk treba davati kao dodatak<\/li>\n<li>Tako\u0111e se preporu\u010duje davanje Pet Milk-a majkama. Ili ga razmutite u vodi ili ga pospite po hrani. U zavisnosti od broja mladunaca i koli\u010dine mleka koju maj\u010din organizam proizvodi preporu\u010duje se od 2 do 20g Pet Milk-a dnevno<\/li>\n<\/ul>\n<p><strong>Sastav:\u00a0<\/strong>Mleko i derivati mleka, derivati biljnog porekla, minerali, biljno ulje<\/p>\n<p><strong>Analytical composition:<\/strong>\u00a0Proteini 28%, masti 34%, sirova vlakna 0,2%, sirovi pepeo 6,5%, DHA min. 0.05%<\/p>\n<p>Serve food in dry form with available fresh water.<br \/>\nFor your pet&#039;s health, consult a veterinarian regularly.<\/p>\n<p>Store the product in a dry, dark and cool place.<\/p>\n<p>Proizvo\u0111a\u010d: Versele-Laga<br \/>\nZemlja porekla: Belgija (EU)<\/p>\n\n    <div class=\"xs_social_share_widget xs_share_url after_content \t\tmain_content  wslu-style-1 wslu-share-box-shaped wslu-fill-colored wslu-none wslu-share-horizontal wslu-theme-font-no wslu-main_content\">\n\n\t\t\n        <ul>\n\t\t\t        <\/ul>\n    <\/div>","protected":false},"excerpt":{"rendered":"<p>Oropharma Pet Milk se koristi kada majke (psi\/ma\u010dke=nemaju dovoljno mleka ili kada je i njima samima potrebno vi\u0161e nutrienata<\/p>","protected":false},"featured_media":8124,"comment_status":"open","ping_status":"closed","template":"","meta":{"_acf_changed":false},"pwb-brand":[320,318,319],"product_cat":[21,48,23,270,201,47],"product_tag":[209],"class_list":{"0":"post-9864","1":"product","2":"type-product","3":"status-publish","4":"has-post-thumbnail","6":"pwb-brand-versele-laga-hrana-za-pse","7":"pwb-brand-versele-laga","8":"pwb-brand-versele-laga-hrana-za-macke","9":"product_cat-hrana-za-macke","10":"product_cat-hrana-za-pse","11":"product_cat-macke","12":"product_cat-mleko-za-macke","13":"product_cat-mleko-za-stence","14":"product_cat-psi","15":"product_tag-bez-glutena","17":"first","18":"instock","19":"taxable","20":"shipping-taxable","21":"purchasable","22":"product-type-simple"},"acf":[],"brands":[{"id":318,"name":"Versele-Laga","slug":"versele-laga"},{"id":319,"name":"Versele-Laga Cat Food","slug":"versele-laga-hrana-za-macke"},{"id":320,"name":"Versele-Laga Dog Food","slug":"versele-laga-hrana-za-pse"}],"_links":{"self":[{"href":"https:\/\/pawz.rs\/en\/wp-json\/wp\/v2\/product\/9864","targetHints":{"allow":["GET"]}}],"collection":[{"href":"https:\/\/pawz.rs\/en\/wp-json\/wp\/v2\/product"}],"about":[{"href":"https:\/\/pawz.rs\/en\/wp-json\/wp\/v2\/types\/product"}],"replies":[{"embeddable":true,"href":"https:\/\/pawz.rs\/en\/wp-json\/wp\/v2\/comments?post=9864"}],"wp:featuredmedia":[{"embeddable":true,"href":"https:\/\/pawz.rs\/en\/wp-json\/wp\/v2\/media\/8124"}],"wp:attachment":[{"href":"https:\/\/pawz.rs\/en\/wp-json\/wp\/v2\/media?parent=9864"}],"wp:term":[{"taxonomy":"pwb-brand","embeddable":true,"href":"https:\/\/pawz.rs\/en\/wp-json\/wp\/v2\/pwb-brand?post=9864"},{"taxonomy":"product_cat","embeddable":true,"href":"https:\/\/pawz.rs\/en\/wp-json\/wp\/v2\/product_cat?post=9864"},{"taxonomy":"product_tag","embeddable":true,"href":"https:\/\/pawz.rs\/en\/wp-json\/wp\/v2\/product_tag?post=9864"}],"curies":[{"name":"wp","href":"https:\/\/api.w.org\/{rel}","templated":true}]}}