{"id":9867,"date":"2023-03-18T17:41:39","date_gmt":"2023-03-18T16:41:39","guid":{"rendered":"https:\/\/pawz.rs\/?post_type=product&#038;p=9867"},"modified":"2024-02-21T11:03:09","modified_gmt":"2024-02-21T10:03:09","slug":"happy-life-junior-chicken","status":"publish","type":"product","link":"https:\/\/pawz.rs\/en\/happy-life-junior-chicken\/","title":{"rendered":"Happy Life Junior Chicken"},"content":{"rendered":"<p><strong>Happy Life Junior Chicken<\/strong><\/p>\n<p><strong>Hrana dokazano dobrog kvaliteta za \u017eivahne \u0161tence u razvoju<\/strong><\/p>\n<ul>\n<li>\u00a0Sadr\u017ei piletinu i pirina\u010d- \u0161tenci jako vole da je jedu i lako se vari<\/li>\n<li>\u00a0Sa brokolijem kao prirodnim antioksidansom<\/li>\n<\/ul>\n<p><strong>Sastav:<\/strong>\u00a0Meso i derivati mesa ( piletina 21% ), \u017eitarice ( pirina\u010d 10% ), derivati iz biljaka, ulja i masti, povr\u0107e ( \u0161argarepa 0,5%, brokoli 0,5% ), semenje, kvasci, minerali, vo\u0107e ( jabuka 0,5% )<\/p>\n<p><strong>Analytical composition:<\/strong>\u00a0proteini 28%, masti 15%, sirova vlakna 2%, sirovi pepeo 6,5%, kalcijum 1,3%, fosfor 1%, natrijum 0,4%<\/p>\n<p>Serve food in dry form with available fresh water.<br \/>\nFor your pet&#039;s health, consult a veterinarian regularly.<\/p>\n<p>Store the product in a dry, dark and cool place.<\/p>\n<p>Proizvo\u0111a\u010d: Versele-Laga<br \/>\nZemlja porekla: Belgija (EU)<\/p>\n\n    <div class=\"xs_social_share_widget xs_share_url after_content \t\tmain_content  wslu-style-1 wslu-share-box-shaped wslu-fill-colored wslu-none wslu-share-horizontal wslu-theme-font-no wslu-main_content\">\n\n\t\t\n        <ul>\n\t\t\t        <\/ul>\n    <\/div>","protected":false},"excerpt":{"rendered":"<p>Happy Life Junior Piletina je hrana dokazano dobrog kvaliteta za \u017eivahne \u0161tence u razvoju<\/p>","protected":false},"featured_media":9893,"comment_status":"open","ping_status":"closed","template":"","meta":{"_acf_changed":false},"pwb-brand":[318,320],"product_cat":[47,48,49],"product_tag":[209],"class_list":{"0":"post-9867","1":"product","2":"type-product","3":"status-publish","4":"has-post-thumbnail","6":"pwb-brand-versele-laga","7":"pwb-brand-versele-laga-hrana-za-pse","8":"product_cat-psi","9":"product_cat-hrana-za-pse","10":"product_cat-granule-za-pse","11":"product_tag-bez-glutena","13":"first","14":"instock","15":"taxable","16":"shipping-taxable","17":"purchasable","18":"product-type-variable","19":"has-default-attributes"},"acf":[],"brands":[{"id":318,"name":"Versele-Laga","slug":"versele-laga"},{"id":320,"name":"Versele-Laga Dog Food","slug":"versele-laga-hrana-za-pse"}],"_links":{"self":[{"href":"https:\/\/pawz.rs\/en\/wp-json\/wp\/v2\/product\/9867","targetHints":{"allow":["GET"]}}],"collection":[{"href":"https:\/\/pawz.rs\/en\/wp-json\/wp\/v2\/product"}],"about":[{"href":"https:\/\/pawz.rs\/en\/wp-json\/wp\/v2\/types\/product"}],"replies":[{"embeddable":true,"href":"https:\/\/pawz.rs\/en\/wp-json\/wp\/v2\/comments?post=9867"}],"wp:featuredmedia":[{"embeddable":true,"href":"https:\/\/pawz.rs\/en\/wp-json\/wp\/v2\/media\/9893"}],"wp:attachment":[{"href":"https:\/\/pawz.rs\/en\/wp-json\/wp\/v2\/media?parent=9867"}],"wp:term":[{"taxonomy":"pwb-brand","embeddable":true,"href":"https:\/\/pawz.rs\/en\/wp-json\/wp\/v2\/pwb-brand?post=9867"},{"taxonomy":"product_cat","embeddable":true,"href":"https:\/\/pawz.rs\/en\/wp-json\/wp\/v2\/product_cat?post=9867"},{"taxonomy":"product_tag","embeddable":true,"href":"https:\/\/pawz.rs\/en\/wp-json\/wp\/v2\/product_tag?post=9867"}],"curies":[{"name":"wp","href":"https:\/\/api.w.org\/{rel}","templated":true}]}}