{"id":9890,"date":"2023-03-18T18:09:16","date_gmt":"2023-03-18T17:09:16","guid":{"rendered":"https:\/\/pawz.rs\/?post_type=product&#038;p=9890"},"modified":"2026-02-01T12:31:29","modified_gmt":"2026-02-01T11:31:29","slug":"happy-life-light-senior-chicken","status":"publish","type":"product","link":"https:\/\/pawz.rs\/en\/happy-life-light-senior-chicken\/","title":{"rendered":"Happy Life Light Senior Chicken 15 kg"},"content":{"rendered":"<p><strong>Happy Life Light Senior Chicken 15 kg<\/strong><\/p>\n<p><strong>Balansirana hrana sa malim koli\u010dinama energije za optimalno zdravlje i telesnu te\u017einu\u00a0 namenjena ishrani gojaznih i starijih pasa<\/strong><\/p>\n<p>Ukusna i raznovrsna me\u0161avina sa piletinom koja pru\u017ea sve nutriente neophodne za zdrav i aktivan \u017eivot gijaznih i starijih pasa<\/p>\n<ul>\n<li>\u00a0\u0160argarepa ( b-karoten ), brokoli i\u00a0 paradajz ( antioksidansi ) potpoma\u017eu imunitet<\/li>\n<li>\u00a0Piletina i pirina\u010d za lako varenje i dobar ukus koji psi vole<\/li>\n<\/ul>\n<p><strong>Sastav:\u00a0<\/strong>Meso i derivati mesa ( piletina 12% ), \u017eitarice ( pirina\u010d 4% ), derivati iz biljaka, povr\u0107e ( gra\u0161ak 4%, \u0161argarepa 0,5%, paradajz 0,5%, brokoli 0,5% ), semenje, kvasci, minerali, vo\u0107e ( jabuka 0,5% )<\/p>\n<p><strong>Analytical composition:<\/strong>\u00a0proteini 23%, masti 11%, sirova vlakna 3%, sirovi pepeo 7,5%, kalcijum 1,6%, fosfor 0,9%, natrijum 0,4%<\/p>\n<p>Serve food in dry form with available fresh water.<br \/>\nFor your pet&#039;s health, consult a veterinarian regularly.<\/p>\n<p>Store the product in a dry, dark and cool place.<\/p>\n<p>Proizvo\u0111a\u010d: Versele-Laga<br \/>\nZemlja porekla: Belgija (EU)<\/p>\n\n    <div class=\"xs_social_share_widget xs_share_url after_content \t\tmain_content  wslu-style-1 wslu-share-box-shaped wslu-fill-colored wslu-none wslu-share-horizontal wslu-theme-font-no wslu-main_content\">\n\n\t\t\n        <ul>\n\t\t\t        <\/ul>\n    <\/div>","protected":false},"excerpt":{"rendered":"<p>Happy Life Light Senior Piletina je balansirana hrana sa malim koli\u010dinama energije za optimalno zdravlje i telesnu te\u017einu\u00a0 namenjena ishrani gojaznih i starijih pasa<\/p>","protected":false},"featured_media":9909,"comment_status":"open","ping_status":"closed","template":"","meta":{"_acf_changed":false},"pwb-brand":[318,320],"product_cat":[47,48,49],"product_tag":[209],"class_list":{"0":"post-9890","1":"product","2":"type-product","3":"status-publish","4":"has-post-thumbnail","6":"pwb-brand-versele-laga","7":"pwb-brand-versele-laga-hrana-za-pse","8":"product_cat-psi","9":"product_cat-hrana-za-pse","10":"product_cat-granule-za-pse","11":"product_tag-bez-glutena","13":"first","14":"outofstock","15":"taxable","16":"shipping-taxable","17":"purchasable","18":"product-type-simple"},"acf":[],"brands":[{"id":318,"name":"Versele-Laga","slug":"versele-laga"},{"id":320,"name":"Versele-Laga Dog Food","slug":"versele-laga-hrana-za-pse"}],"_links":{"self":[{"href":"https:\/\/pawz.rs\/en\/wp-json\/wp\/v2\/product\/9890","targetHints":{"allow":["GET"]}}],"collection":[{"href":"https:\/\/pawz.rs\/en\/wp-json\/wp\/v2\/product"}],"about":[{"href":"https:\/\/pawz.rs\/en\/wp-json\/wp\/v2\/types\/product"}],"replies":[{"embeddable":true,"href":"https:\/\/pawz.rs\/en\/wp-json\/wp\/v2\/comments?post=9890"}],"wp:featuredmedia":[{"embeddable":true,"href":"https:\/\/pawz.rs\/en\/wp-json\/wp\/v2\/media\/9909"}],"wp:attachment":[{"href":"https:\/\/pawz.rs\/en\/wp-json\/wp\/v2\/media?parent=9890"}],"wp:term":[{"taxonomy":"pwb-brand","embeddable":true,"href":"https:\/\/pawz.rs\/en\/wp-json\/wp\/v2\/pwb-brand?post=9890"},{"taxonomy":"product_cat","embeddable":true,"href":"https:\/\/pawz.rs\/en\/wp-json\/wp\/v2\/product_cat?post=9890"},{"taxonomy":"product_tag","embeddable":true,"href":"https:\/\/pawz.rs\/en\/wp-json\/wp\/v2\/product_tag?post=9890"}],"curies":[{"name":"wp","href":"https:\/\/api.w.org\/{rel}","templated":true}]}}